{"id":2453,"date":"2025-05-27T14:24:28","date_gmt":"2025-05-27T12:24:28","guid":{"rendered":"https:\/\/chateaubranda.com\/?post_type=product&#038;p=2453"},"modified":"2025-06-03T17:22:42","modified_gmt":"2025-06-03T15:22:42","slug":"tour-des-agasseaux-lussac-st-emilion-millesime_2012-0-75l-carton-de-6","status":"publish","type":"product","link":"https:\/\/chateaubranda.com\/en\/product\/tour-des-agasseaux-lussac-st-emilion-millesime_2012-0-75l-carton-de-6\/","title":{"rendered":"Tour des Agasseaux 2012 Lussac 0.75l carton de 6"},"content":{"rendered":"<div class=\"wpb-content-wrapper\"><div class=\"vc_row wpb_row vc_row-fluid\"><div class=\"wpb_column vc_column_container vc_col-sm-12\"><div class=\"vc_column-inner\"><div class=\"wpb_wrapper\">\n\t<div class=\"wpb_text_column wpb_content_element\" >\n\t\t<div class=\"wpb_wrapper\">\n\t\t\t<p>Notre Tour des Agasseaux 2012 est vin souple et charmant avec du moelleux et de la mati\u00e8re. Il saura se faire aimer avec ses parfums de fruits murs qui se prolongent harmonieusement en bouche.<\/p>\n<p>Parfait \u00e0 boire d\u00e8s \u00e0 pr\u00e9sent et vous serez conquis \u00e0 son prix \u00ab\u00a0tout doux\u00a0\u00bb.<\/p>\n<p>A consommer avec mod\u00e9ration mais sans attendre pour le mettre dans votre panier car il n&rsquo;en reste que quelques cartons !<\/p>\n\n\t\t<\/div>\n\t<\/div>\n\n\t<div class=\"title-subtitle-box\" style=\" text-align: left;\">\n\t\t<h1 style=\" font-weight: normal;\" >Accords mets &amp; vins<\/h1>\n\t<\/div> \n\t<div class=\"wpb_text_column wpb_content_element\" >\n\t\t<div class=\"wpb_wrapper\">\n\t\t\t<p>Vous pourrez servir une c\u00f4te de veau grill\u00e9 avec une fricass\u00e9 de c\u00e8pes ou de girolles avec ce vin. Une lamproie \u00e0 la bordelaise sera \u00e9galement un bon compagnon pour notre Tour des Agasseaux.<br \/>\nAvec ces plats, les ar\u00f4mes de fruits <em>compot\u00e9s<\/em> m\u00eal\u00e9s de notes grill\u00e9s et toast\u00e9s se marieront parfaitement.<\/p>\n\n\t\t<\/div>\n\t<\/div>\n<\/div><\/div><\/div><\/div>\n<\/div>","protected":false},"excerpt":{"rendered":"<p>Tour des Agasseaux un vin de Lussac Saint-Emilion au caract\u00e8re souple et rond.<\/p>","protected":false},"featured_media":2456,"template":"","meta":{"om_disable_all_campaigns":false,"_monsterinsights_skip_tracking":false,"_monsterinsights_sitenote_active":false,"_monsterinsights_sitenote_note":"","_monsterinsights_sitenote_category":0,"_uf_show_specific_survey":0,"_uf_disable_surveys":false},"product_brand":[],"product_cat":[37],"product_tag":[38,26,39,8],"class_list":{"0":"post-2453","1":"product","2":"type-product","3":"status-publish","4":"has-post-thumbnail","6":"product_cat-tda","7":"product_tag-carton-de-6","8":"product_tag-lussac","9":"product_tag-saint-emilion","10":"product_tag-vin","11":"product_shipping_class-ct6","13":"first","14":"instock","15":"sale","16":"featured","17":"taxable","18":"shipping-taxable","19":"purchasable","20":"product-type-simple"},"aioseo_notices":[],"_links":{"self":[{"href":"https:\/\/chateaubranda.com\/en\/wp-json\/wp\/v2\/product\/2453","targetHints":{"allow":["GET"]}}],"collection":[{"href":"https:\/\/chateaubranda.com\/en\/wp-json\/wp\/v2\/product"}],"about":[{"href":"https:\/\/chateaubranda.com\/en\/wp-json\/wp\/v2\/types\/product"}],"wp:featuredmedia":[{"embeddable":true,"href":"https:\/\/chateaubranda.com\/en\/wp-json\/wp\/v2\/media\/2456"}],"wp:attachment":[{"href":"https:\/\/chateaubranda.com\/en\/wp-json\/wp\/v2\/media?parent=2453"}],"wp:term":[{"taxonomy":"product_brand","embeddable":true,"href":"https:\/\/chateaubranda.com\/en\/wp-json\/wp\/v2\/product_brand?post=2453"},{"taxonomy":"product_cat","embeddable":true,"href":"https:\/\/chateaubranda.com\/en\/wp-json\/wp\/v2\/product_cat?post=2453"},{"taxonomy":"product_tag","embeddable":true,"href":"https:\/\/chateaubranda.com\/en\/wp-json\/wp\/v2\/product_tag?post=2453"}],"curies":[{"name":"wp","href":"https:\/\/api.w.org\/{rel}","templated":true}]}}