{"id":2445,"date":"2025-03-24T14:45:58","date_gmt":"2025-03-24T13:45:58","guid":{"rendered":"https:\/\/chateaubranda.com\/?post_type=product&#038;p=2445"},"modified":"2026-03-02T13:51:02","modified_gmt":"2026-03-02T12:51:02","slug":"chateau-branda_puisseguin-saint-emilion_millesime_2022-caisse-bois-0-75l-x6","status":"publish","type":"product","link":"https:\/\/chateaubranda.com\/en\/product\/chateau-branda_puisseguin-saint-emilion_millesime_2022-caisse-bois-0-75l-x6\/","title":{"rendered":"Ch\u00e2teau Branda 2022 Puisseguin St-Emilion 0.75l CB (X6)"},"content":{"rendered":"<h3><em>Ce Branda 2022 est \u00e9pic\u00e9 et gourmand, plein mais avec de la \u00adfra\u00eecheur en finale, il rivalise avec les saint-\u00e9milion\u2026<br \/>\n<\/em><\/h3>\n<ul>\n<li>La caisse bois sera du plus bel effet dans votre cave ou pour offrir \u00e0 des amis ou des proches&#8230;<\/li>\n<li>Robe rubis fonc\u00e9 d\u2019une grande intensit\u00e9 avec des reflets violines.<\/li>\n<li>Mocha nose with hints of smoke and ripe black and red fruit.<\/li>\n<li>Bouche ample, charnue, g\u00e9n\u00e9reux. Les tanins sont souples et soyeux. La finale est longue avec un grand plaisir sur la jeunesse.<\/li>\n<li>Une tr\u00e8s belle bouteille \u00e0 mettre en cave 8 \u00e0 10 ans pour lui donner toute sa pl\u00e9nitude et oui, agr\u00e9able \u00e0 boire d\u00e8s \u00e0 pr\u00e9sent !<\/li>\n<\/ul>","protected":false},"excerpt":{"rendered":"<p>Un vin de qualit\u00e9 constante, exub\u00e9rant mais souples. Un fruit exprim\u00e9 et un bois\u00e9 souple et subtil caract\u00e9risent ce Branda. La caisse bois lui va si bien !<br \/>\nNous veillons \u00e0 produire, mill\u00e9sime apr\u00e8s mill\u00e9sime ici \u00e0 Puisseguin des vins avec la plus grande exigence et ce 2022 en est une belle expression : un vin de Puisseguin qui n&rsquo;aura pas \u00e0 rougir sur votre table \u00e0 c\u00f4t\u00e9 de prestigieux Saint-Emilion !<\/p>","protected":false},"featured_media":2400,"template":"","meta":{"om_disable_all_campaigns":false,"_monsterinsights_skip_tracking":false,"_monsterinsights_sitenote_active":false,"_monsterinsights_sitenote_note":"","_monsterinsights_sitenote_category":0,"_uf_show_specific_survey":0,"_uf_disable_surveys":false},"product_brand":[],"product_cat":[23],"product_tag":[35,34,25,7,8],"class_list":{"0":"post-2445","1":"product","2":"type-product","3":"status-publish","4":"has-post-thumbnail","6":"product_cat-chateau-branda","7":"product_tag-branda","8":"product_tag-caisse-bois","9":"product_tag-puisseguin","10":"product_tag-rouge","11":"product_tag-vin","12":"product_shipping_class-cb6","14":"first","15":"outofstock","16":"featured","17":"taxable","18":"shipping-taxable","19":"purchasable","20":"product-type-simple"},"aioseo_notices":[],"_links":{"self":[{"href":"https:\/\/chateaubranda.com\/en\/wp-json\/wp\/v2\/product\/2445","targetHints":{"allow":["GET"]}}],"collection":[{"href":"https:\/\/chateaubranda.com\/en\/wp-json\/wp\/v2\/product"}],"about":[{"href":"https:\/\/chateaubranda.com\/en\/wp-json\/wp\/v2\/types\/product"}],"wp:featuredmedia":[{"embeddable":true,"href":"https:\/\/chateaubranda.com\/en\/wp-json\/wp\/v2\/media\/2400"}],"wp:attachment":[{"href":"https:\/\/chateaubranda.com\/en\/wp-json\/wp\/v2\/media?parent=2445"}],"wp:term":[{"taxonomy":"product_brand","embeddable":true,"href":"https:\/\/chateaubranda.com\/en\/wp-json\/wp\/v2\/product_brand?post=2445"},{"taxonomy":"product_cat","embeddable":true,"href":"https:\/\/chateaubranda.com\/en\/wp-json\/wp\/v2\/product_cat?post=2445"},{"taxonomy":"product_tag","embeddable":true,"href":"https:\/\/chateaubranda.com\/en\/wp-json\/wp\/v2\/product_tag?post=2445"}],"curies":[{"name":"wp","href":"https:\/\/api.w.org\/{rel}","templated":true}]}}