{"id":2426,"date":"2025-01-14T13:19:03","date_gmt":"2025-01-14T12:19:03","guid":{"rendered":"https:\/\/chateaubranda.com\/?post_type=product&#038;p=2426"},"modified":"2025-07-09T16:28:36","modified_gmt":"2025-07-09T14:28:36","slug":"vieux-chateau-chambeau-lussac-saint-emilion-millesime_2012-0-75l-carton-de-6","status":"publish","type":"product","link":"https:\/\/chateaubranda.com\/en\/product\/vieux-chateau-chambeau-lussac-saint-emilion-millesime_2012-0-75l-carton-de-6\/","title":{"rendered":"Vieux Ch\u00e2teau Chambeau_2012-0.75l-carton-de-6"},"content":{"rendered":"<div class=\"wpb-content-wrapper\"><div class=\"wpb-content-wrapper\">\n<div class=\"vc_row wpb_row vc_row-fluid\">\n<div class=\"wpb_column vc_column_container vc_col-sm-12\">\n<div class=\"vc_column-inner\">\n<div class=\"wpb_wrapper\">\n<div class=\"wpb_text_column wpb_content_element\">\n<div class=\"wpb_wrapper\">\n<p>Vieux Ch\u00e2teau Chambeau 2012<\/p>\n<p>Ce mill\u00e9sime donne d\u00e8s \u00e0 pr\u00e9sent tout son potentiel !<br \/>\nA la fois souple et charmant avec du moelleux et de la mati\u00e8re. Un vin complexe et raffin\u00e9 aux ar\u00f4mes bois\u00e9s d\u2019une robe rouge profond et bonne tenue qui le caract\u00e9risent.<br \/>\nOn notera enfin quelques notes de fruits des bois et des tannins fondus.<br \/>\nIl en reste encore quelques \u00ab\u00a0pr\u00eats \u00e0 boire\u00a0\u00bb d\u2019un mill\u00e9sime bien r\u00e9ussi ici mais \u00e9galement, dans tout le saint-emilionnais\u2026 Alors, \u00e0 vous de voir !<\/p>\n<\/div>\n<\/div>\n<div class=\"title-subtitle-box\">\n<h1>Accords mets &amp; vins<\/h1>\n<\/div>\n<div class=\"wpb_text_column wpb_content_element\">\n<div class=\"wpb_wrapper\">\n<p>Vous pourrez servir une c\u00f4te de veau grill\u00e9 avec une fricass\u00e9 de c\u00e8pes ou de girolles avec ce vin. Une lamproie \u00e0 la bordelaise sera \u00e9galement un bon compagnon pour Vieux Ch\u00e2teau Chambeau. Avec ces plats, les ar\u00f4mes de fruits compot\u00e9s m\u00eal\u00e9s de notes grill\u00e9s et toast\u00e9s se marieront parfaitement.<\/p>\n<\/div>\n<\/div>\n<\/div>\n<\/div>\n<\/div>\n<\/div>\n<\/div>\n<\/div>","protected":false},"excerpt":{"rendered":"<p>Vieux Ch\u00e2teau Chambeau 2012 Ce mill\u00e9sime donne d\u00e8s \u00e0 pr\u00e9sent tout son potentiel ! A la fois souple et charmant avec du moelleux et de la mati\u00e8re. Un vin complexe<br class=\"read-more-spacer\"> <a class=\"more-link\" href=\"https:\/\/chateaubranda.com\/en\/product\/vieux-chateau-chambeau-lussac-saint-emilion-millesime_2012-0-75l-carton-de-6\/\">Read More<\/a><\/p>","protected":false},"featured_media":2469,"template":"","meta":{"om_disable_all_campaigns":false,"_monsterinsights_skip_tracking":false,"_monsterinsights_sitenote_active":false,"_monsterinsights_sitenote_note":"","_monsterinsights_sitenote_category":0,"_uf_show_specific_survey":0,"_uf_disable_surveys":false},"product_brand":[],"product_cat":[24],"product_tag":[],"class_list":{"0":"post-2426","1":"product","2":"type-product","3":"status-publish","4":"has-post-thumbnail","6":"product_cat-vcc","7":"product_shipping_class-ct6","9":"first","10":"instock","11":"taxable","12":"shipping-taxable","13":"purchasable","14":"product-type-simple"},"aioseo_notices":[],"_links":{"self":[{"href":"https:\/\/chateaubranda.com\/en\/wp-json\/wp\/v2\/product\/2426","targetHints":{"allow":["GET"]}}],"collection":[{"href":"https:\/\/chateaubranda.com\/en\/wp-json\/wp\/v2\/product"}],"about":[{"href":"https:\/\/chateaubranda.com\/en\/wp-json\/wp\/v2\/types\/product"}],"wp:featuredmedia":[{"embeddable":true,"href":"https:\/\/chateaubranda.com\/en\/wp-json\/wp\/v2\/media\/2469"}],"wp:attachment":[{"href":"https:\/\/chateaubranda.com\/en\/wp-json\/wp\/v2\/media?parent=2426"}],"wp:term":[{"taxonomy":"product_brand","embeddable":true,"href":"https:\/\/chateaubranda.com\/en\/wp-json\/wp\/v2\/product_brand?post=2426"},{"taxonomy":"product_cat","embeddable":true,"href":"https:\/\/chateaubranda.com\/en\/wp-json\/wp\/v2\/product_cat?post=2426"},{"taxonomy":"product_tag","embeddable":true,"href":"https:\/\/chateaubranda.com\/en\/wp-json\/wp\/v2\/product_tag?post=2426"}],"curies":[{"name":"wp","href":"https:\/\/api.w.org\/{rel}","templated":true}]}}