{"id":2417,"date":"2024-12-12T10:14:06","date_gmt":"2024-12-12T09:14:06","guid":{"rendered":"https:\/\/chateaubranda.com\/?post_type=product&#038;p=2417"},"modified":"2026-01-20T17:16:20","modified_gmt":"2026-01-20T16:16:20","slug":"vieux-chateau-chambeau-lussac-saint-emilion-millesime_2015-0-75l-carton-de-6","status":"publish","type":"product","link":"https:\/\/chateaubranda.com\/en\/product\/vieux-chateau-chambeau-lussac-saint-emilion-millesime_2015-0-75l-carton-de-6\/","title":{"rendered":"Vieux Ch\u00e2teau Chambeau 2015 Lussac St-Emilion 0.75l (X6)"},"content":{"rendered":"<div class=\"wpb-content-wrapper\"><div class=\"vc_row wpb_row vc_row-fluid\"><div class=\"wpb_column vc_column_container vc_col-sm-12\"><div class=\"vc_column-inner\"><div class=\"wpb_wrapper\">\n\t<div class=\"wpb_text_column wpb_content_element\" >\n\t\t<div class=\"wpb_wrapper\">\n\t\t\t<p>Vieux Ch\u00e2teau Chambeau 2015 est une r\u00e9f\u00e9rence pour notre domaine. Un vin complexe et raffin\u00e9 aux ar\u00f4mes bois\u00e9s d&rsquo;une robe rouge profond et bonne tenue qui le caract\u00e9risent.<br \/>\nOn notera enfin quelques notes de fruits des bois et des tannins fondus.<br \/>\nCe sont les ultimes derni\u00e8res bouteilles d&rsquo;un mill\u00e9sime particuli\u00e8rement r\u00e9ussi ici mais \u00e9galement dans tout le saint-emilionnais&#8230; Alors, \u00e0 vous de voir !<\/p>\n\n\t\t<\/div>\n\t<\/div>\n\n\t<div class=\"title-subtitle-box\" style=\" text-align: left;\">\n\t\t<h1 style=\" font-weight: normal;\" >Accords mets &amp; vins<\/h1>\n\t<\/div> \n\t<div class=\"wpb_text_column wpb_content_element\" >\n\t\t<div class=\"wpb_wrapper\">\n\t\t\t<p>Vous pourrez servir une c\u00f4te de veau grill\u00e9 avec une fricass\u00e9 de c\u00e8pes ou de girolles avec ce vin. Une lamproie \u00e0 la bordelaise sera \u00e9galement un bon compagnon pour Vieux Ch\u00e2teau Chambeau. Avec ces plats, les ar\u00f4mes de fruits compot\u00e9s m\u00eal\u00e9s de notes grill\u00e9s et toast\u00e9s se marieront parfaitement.<\/p>\n\n\t\t<\/div>\n\t<\/div>\n<\/div><\/div><\/div><\/div>\n<\/div>","protected":false},"excerpt":{"rendered":"<p>Vieux Ch\u00e2teau Chambeau un vin de Lussac Saint-Emilion au caract\u00e8re souple et rond.<\/p>","protected":false},"featured_media":2467,"template":"","meta":{"om_disable_all_campaigns":false,"_monsterinsights_skip_tracking":false,"_monsterinsights_sitenote_active":false,"_monsterinsights_sitenote_note":"","_monsterinsights_sitenote_category":0,"_uf_show_specific_survey":0,"_uf_disable_surveys":false},"product_brand":[],"product_cat":[24],"product_tag":[38,26,39,8],"class_list":{"0":"post-2417","1":"product","2":"type-product","3":"status-publish","4":"has-post-thumbnail","6":"product_cat-vcc","7":"product_tag-carton-de-6","8":"product_tag-lussac","9":"product_tag-saint-emilion","10":"product_tag-vin","11":"product_shipping_class-ct6","13":"first","14":"outofstock","15":"featured","16":"taxable","17":"shipping-taxable","18":"purchasable","19":"product-type-simple"},"aioseo_notices":[],"_links":{"self":[{"href":"https:\/\/chateaubranda.com\/en\/wp-json\/wp\/v2\/product\/2417","targetHints":{"allow":["GET"]}}],"collection":[{"href":"https:\/\/chateaubranda.com\/en\/wp-json\/wp\/v2\/product"}],"about":[{"href":"https:\/\/chateaubranda.com\/en\/wp-json\/wp\/v2\/types\/product"}],"wp:featuredmedia":[{"embeddable":true,"href":"https:\/\/chateaubranda.com\/en\/wp-json\/wp\/v2\/media\/2467"}],"wp:attachment":[{"href":"https:\/\/chateaubranda.com\/en\/wp-json\/wp\/v2\/media?parent=2417"}],"wp:term":[{"taxonomy":"product_brand","embeddable":true,"href":"https:\/\/chateaubranda.com\/en\/wp-json\/wp\/v2\/product_brand?post=2417"},{"taxonomy":"product_cat","embeddable":true,"href":"https:\/\/chateaubranda.com\/en\/wp-json\/wp\/v2\/product_cat?post=2417"},{"taxonomy":"product_tag","embeddable":true,"href":"https:\/\/chateaubranda.com\/en\/wp-json\/wp\/v2\/product_tag?post=2417"}],"curies":[{"name":"wp","href":"https:\/\/api.w.org\/{rel}","templated":true}]}}