{"id":2403,"date":"2024-11-20T14:20:55","date_gmt":"2024-11-20T13:20:55","guid":{"rendered":"https:\/\/chateaubranda.com\/?post_type=product&#038;p=2403"},"modified":"2026-03-02T13:52:04","modified_gmt":"2026-03-02T12:52:04","slug":"chateau-branda_puisseguin-saint-emilion_millesime-2019-carton-0-375l-x24","status":"publish","type":"product","link":"https:\/\/chateaubranda.com\/en\/product\/chateau-branda_puisseguin-saint-emilion_millesime-2019-carton-0-375l-x24\/","title":{"rendered":"Ch\u00e2teau Branda 2019 0.375l carton (X24)"},"content":{"rendered":"<h3>Ce Branda 2019 <span class=\"BxUVEf ILfuVd\" lang=\"fr\"><span class=\"hgKElc\"><b>est un grand mill\u00e9sime pour le Puisseguin<\/b><\/span><\/span> !<br \/>\nUne ann\u00e9e aux conditions id\u00e9ales, un tr\u00e8s beau mill\u00e9sime pour un Branda toujours \u00e9quilibr\u00e9 et au \u00ab toucher de bouche \u00bb reconnaissable.<\/h3>\n<ul>\n<li style=\"list-style-type: none;\">\n<ul>\n<li>Robe rubis fonc\u00e9 d\u2019une grande intensit\u00e9 avec des reflets violines.<\/li>\n<li>Mocha nose with hints of smoke and ripe black and red fruit.<\/li>\n<li>Full, fleshy and generous on the palate. The tannins are supple and silky. Long finish.<\/li>\n<li>M\u00e9daille d&rsquo;Or au Concours de Bordeaux 2021<\/li>\n<\/ul>\n<\/li>\n<\/ul>\n<ul>\n<li><a href=\"https:\/\/www.domaine-biodynamie.com\/post-quest-ce-que-le-label-hve-viticulture,62.html\" target=\"_blank\" rel=\"noopener noreferrer\">HVE 3<\/a> (<a href=\"https:\/\/www.domaine-biodynamie.com\/post-quest-ce-que-le-label-hve-viticulture,62.html\" target=\"_blank\" rel=\"noopener noreferrer\">High Environmental Value Level 3<\/a>)<\/li>\n<\/ul>","protected":false},"excerpt":{"rendered":"<p>A wine of consistent quality, exuberant but supple. Expressive fruit and supple, subtle oak characterise this Branda.<br \/>\nNous veillons \u00e0 produire, mill\u00e9sime apr\u00e8s mill\u00e9sime ici \u00e0 Puisseguin des vins avec la plus grande exigence et ce 2019 en est une belle expression : un vin de Puisseguin qui n&rsquo;aura pas \u00e0 rougir sur votre table \u00e0 c\u00f4t\u00e9 de prestigieux Saint-Emilion !<\/p>","protected":false},"featured_media":2404,"template":"","meta":{"om_disable_all_campaigns":false,"_monsterinsights_skip_tracking":false,"_monsterinsights_sitenote_active":false,"_monsterinsights_sitenote_note":"","_monsterinsights_sitenote_category":0,"_uf_show_specific_survey":0,"_uf_disable_surveys":false},"product_brand":[],"product_cat":[23],"product_tag":[25,7,8],"class_list":{"0":"post-2403","1":"product","2":"type-product","3":"status-publish","4":"has-post-thumbnail","6":"product_cat-chateau-branda","7":"product_tag-puisseguin","8":"product_tag-rouge","9":"product_tag-vin","10":"product_shipping_class-c24-0375","12":"first","13":"outofstock","14":"sale","15":"taxable","16":"shipping-taxable","17":"purchasable","18":"product-type-simple"},"aioseo_notices":[],"_links":{"self":[{"href":"https:\/\/chateaubranda.com\/en\/wp-json\/wp\/v2\/product\/2403","targetHints":{"allow":["GET"]}}],"collection":[{"href":"https:\/\/chateaubranda.com\/en\/wp-json\/wp\/v2\/product"}],"about":[{"href":"https:\/\/chateaubranda.com\/en\/wp-json\/wp\/v2\/types\/product"}],"wp:featuredmedia":[{"embeddable":true,"href":"https:\/\/chateaubranda.com\/en\/wp-json\/wp\/v2\/media\/2404"}],"wp:attachment":[{"href":"https:\/\/chateaubranda.com\/en\/wp-json\/wp\/v2\/media?parent=2403"}],"wp:term":[{"taxonomy":"product_brand","embeddable":true,"href":"https:\/\/chateaubranda.com\/en\/wp-json\/wp\/v2\/product_brand?post=2403"},{"taxonomy":"product_cat","embeddable":true,"href":"https:\/\/chateaubranda.com\/en\/wp-json\/wp\/v2\/product_cat?post=2403"},{"taxonomy":"product_tag","embeddable":true,"href":"https:\/\/chateaubranda.com\/en\/wp-json\/wp\/v2\/product_tag?post=2403"}],"curies":[{"name":"wp","href":"https:\/\/api.w.org\/{rel}","templated":true}]}}