{"id":2344,"date":"2024-08-02T17:05:50","date_gmt":"2024-08-02T15:05:50","guid":{"rendered":"https:\/\/chateaubranda.com\/?post_type=product&#038;p=2344"},"modified":"2025-12-16T11:19:14","modified_gmt":"2025-12-16T10:19:14","slug":"vieux-chateau-chambeau-lussac-saint-emilion-millesime_2019-0-375l-x24-carton-de-24","status":"publish","type":"product","link":"https:\/\/chateaubranda.com\/en\/product\/vieux-chateau-chambeau-lussac-saint-emilion-millesime_2019-0-375l-x24-carton-de-24\/","title":{"rendered":"Vieux Ch\u00e2teau Chambeau 2019 Lussac St-Emilion 0.375l (X24)"},"content":{"rendered":"<div class=\"wpb-content-wrapper\"><div class=\"vc_row wpb_row vc_row-fluid\"><div class=\"wpb_column vc_column_container vc_col-sm-12\"><div class=\"vc_column-inner\"><div class=\"wpb_wrapper\">\n\t<div class=\"wpb_text_column wpb_content_element\" >\n\t\t<div class=\"wpb_wrapper\">\n\t\t\t<h2 style=\"text-align: center;\">A l&rsquo;occasion des foires aux vins 2020 ! La caisse bois de 6 bouteilles livr\u00e9e chez vous en 3 jours ouvr\u00e9s !<\/h2>\n\n\t\t<\/div>\n\t<\/div>\n<\/div><\/div><\/div><\/div><div class=\"vc_row wpb_row vc_row-fluid vc_custom_1460727920666 vc_row-has-fill vc_row-o-content-middle vc_row-flex\"><div class=\"wpb_column vc_column_container vc_col-sm-12 vc_col-lg-6 vc_col-md-6\"><div class=\"vc_column-inner vc_custom_1460636569719\"><div class=\"wpb_wrapper\">\n\t<div class=\"title-subtitle-box\" style=\" text-align: left;\">\n\t\t<p style=\"\">Caract\u00e9ristiques<\/p>\n\t\t<h1 style=\" font-weight: normal;\" >Notes de d\u00e9gustation<\/h1>\n\t<\/div> \n\t<div class=\"wpb_text_column wpb_content_element vc_custom_1748355192124\" >\n\t\t<div class=\"wpb_wrapper\">\n\t\t\t<h3>Vieux Chateau Chambeau 2019<\/h3>\n<ul>\n<li>Le merlot domine l&rsquo;enc\u00e9pagement de Vieux Ch\u00e2teau Chambeau. Il donne au vin un caract\u00e8re souple et rond.<\/li>\n<li>Le cabernet franc qui vient le compl\u00e9ter lui apporte un charme soyeux. L&rsquo;\u00e9quilibre entre les deux c\u00e9pages s&rsquo;harmonise parfaitement gr\u00e2ce \u00e0 l&rsquo;\u00e9levage en barrique qui donne une touche d&rsquo;\u00e9l\u00e9gance finale.<\/li>\n<\/ul>\n\n\t\t<\/div>\n\t<\/div>\n<\/div><\/div><\/div><div class=\"wpb_column vc_column_container vc_col-sm-12 vc_col-lg-6 vc_col-md-6 vc_hidden-sm vc_hidden-xs\"><div class=\"vc_column-inner vc_custom_1460635864072\"><div class=\"wpb_wrapper\">\n\t<div  class=\"wpb_single_image wpb_content_element vc_align_left wpb_content_element vc_custom_1469109337733\">\n\t\t\n\t\t<figure class=\"wpb_wrapper vc_figure\">\n\t\t\t<div class=\"vc_single_image-wrapper   vc_box_border_grey\"><\/div>\n\t\t<\/figure>\n\t<\/div>\n<\/div><\/div><\/div><\/div><div class=\"vc_row wpb_row vc_row-fluid vc_custom_1460727927848 vc_row-has-fill vc_row-o-content-middle vc_row-flex\"><div class=\"wpb_column vc_column_container vc_col-sm-12 vc_col-lg-6 vc_col-md-6 vc_hidden-sm vc_hidden-xs\"><div class=\"vc_column-inner vc_custom_1460635871252\"><div class=\"wpb_wrapper\">\n\t<div  class=\"wpb_single_image wpb_content_element vc_align_left wpb_content_element vc_custom_1469109351319\">\n\t\t\n\t\t<figure class=\"wpb_wrapper vc_figure\">\n\t\t\t<div class=\"vc_single_image-wrapper   vc_box_border_grey\"><\/div>\n\t\t<\/figure>\n\t<\/div>\n<\/div><\/div><\/div><div class=\"wpb_column vc_column_container vc_col-sm-12 vc_col-lg-6 vc_col-md-6\"><div class=\"vc_column-inner vc_custom_1460636579755\"><div class=\"wpb_wrapper\">\n\t<div class=\"title-subtitle-box\" style=\" text-align: left;\">\n\t\t<h1 style=\" font-weight: normal;\" >Accords mets &amp; vins<\/h1>\n\t<\/div> \n\t<div class=\"wpb_text_column wpb_content_element\" >\n\t\t<div class=\"wpb_wrapper\">\n\t\t\t<p>Vous pourrez servir une c\u00f4te de veau grill\u00e9 avec une fricass\u00e9 de c\u00e8pes ou de girolles avec ce vin. Une lamproie \u00e0 la bordelaise sera \u00e9galement un bon compagnon pour Vieux Ch\u00e2teau Chambeau. Avec ces plats, les ar\u00f4mes de fruits compot\u00e9s m\u00eal\u00e9s de notes grill\u00e9s et toast\u00e9s se marieront parfaitement.<\/p>\n\n\t\t<\/div>\n\t<\/div>\n<\/div><\/div><\/div><\/div>\n<\/div>","protected":false},"excerpt":{"rendered":"<p>Vieux Ch\u00e2teau Chambeau un vin de Lussac Saint-Emilion au caract\u00e8re souple et rond.<\/p>","protected":false},"featured_media":2146,"template":"","meta":{"om_disable_all_campaigns":false,"_monsterinsights_skip_tracking":false,"_monsterinsights_sitenote_active":false,"_monsterinsights_sitenote_note":"","_monsterinsights_sitenote_category":0,"_uf_show_specific_survey":0,"_uf_disable_surveys":false},"product_brand":[],"product_cat":[24],"product_tag":[],"class_list":{"0":"post-2344","1":"product","2":"type-product","3":"status-publish","4":"has-post-thumbnail","6":"product_cat-vcc","7":"product_shipping_class-c24-0375","9":"first","10":"instock","11":"sale","12":"taxable","13":"shipping-taxable","14":"purchasable","15":"product-type-simple"},"aioseo_notices":[],"_links":{"self":[{"href":"https:\/\/chateaubranda.com\/en\/wp-json\/wp\/v2\/product\/2344","targetHints":{"allow":["GET"]}}],"collection":[{"href":"https:\/\/chateaubranda.com\/en\/wp-json\/wp\/v2\/product"}],"about":[{"href":"https:\/\/chateaubranda.com\/en\/wp-json\/wp\/v2\/types\/product"}],"wp:featuredmedia":[{"embeddable":true,"href":"https:\/\/chateaubranda.com\/en\/wp-json\/wp\/v2\/media\/2146"}],"wp:attachment":[{"href":"https:\/\/chateaubranda.com\/en\/wp-json\/wp\/v2\/media?parent=2344"}],"wp:term":[{"taxonomy":"product_brand","embeddable":true,"href":"https:\/\/chateaubranda.com\/en\/wp-json\/wp\/v2\/product_brand?post=2344"},{"taxonomy":"product_cat","embeddable":true,"href":"https:\/\/chateaubranda.com\/en\/wp-json\/wp\/v2\/product_cat?post=2344"},{"taxonomy":"product_tag","embeddable":true,"href":"https:\/\/chateaubranda.com\/en\/wp-json\/wp\/v2\/product_tag?post=2344"}],"curies":[{"name":"wp","href":"https:\/\/api.w.org\/{rel}","templated":true}]}}