{"id":2199,"date":"2023-11-02T17:14:12","date_gmt":"2023-11-02T16:14:12","guid":{"rendered":"https:\/\/chateaubranda.com\/?post_type=product&#038;p=2199"},"modified":"2025-11-27T11:49:43","modified_gmt":"2025-11-27T10:49:43","slug":"chateau-branda_excellence_puisseguin-saint-emilion_millesime-2015-carton-0-75l-x6","status":"publish","type":"product","link":"https:\/\/chateaubranda.com\/en\/product\/chateau-branda_excellence_puisseguin-saint-emilion_millesime-2015-carton-0-75l-x6\/","title":{"rendered":"Ch\u00e2teau Branda Excellence 2015 carton 0.75l (X6 btlles)"},"content":{"rendered":"<h3><em>Ce Branda 2015&#8230;<br \/>\nNotre Branda 2015 est une superbe ann\u00e9e !<br \/>\n<\/em>Un grand potentiel de garde qui profite d&rsquo;une robe violine intense et profonde. Le nez r\u00e9v\u00e8le une maturit\u00e9 du fruit id\u00e9ale avec \u00e0 la fois de subtiles notes de griottes, de fraises confites bref, un mill\u00e9sime d&rsquo;exception dans une livr\u00e9e d&rsquo;Excellence.<br \/>\nTout est dit.<em><br \/>\n<\/em><\/h3>\n<p>&nbsp;<\/p>","protected":false},"excerpt":{"rendered":"<p>Un mill\u00e9sime d&rsquo;exception pour un vin de qualit\u00e9 constante, exub\u00e9rant mais souples. Une cuv\u00e9e sp\u00e9ciale en quantit\u00e9 plus que limit\u00e9e.<br \/>\nde cet \u00ab\u00a0Excellence By Branda\u00a0\u00bb, ne nous en restent qu&rsquo;\u00e0 peine 48 flacons, soit une grosse dizaine de cartons&#8230;<br \/>\nAutant dire qu&rsquo;il n&rsquo;y en aura pas pour tout le monde.<br \/>\n&#8212;<br \/>\nNous veillons \u00e0 produire, mill\u00e9sime apr\u00e8s mill\u00e9sime ici \u00e0 Puisseguin des vins avec la plus grande exigence et ce 2015 en est une belle expression : un vin de Puisseguin qui n&rsquo;aura pas \u00e0 rougir sur votre table \u00e0 c\u00f4t\u00e9 de prestigieux Saint-Emilion !<\/p>","protected":false},"featured_media":2200,"template":"","meta":{"om_disable_all_campaigns":false,"_monsterinsights_skip_tracking":false,"_monsterinsights_sitenote_active":false,"_monsterinsights_sitenote_note":"","_monsterinsights_sitenote_category":0,"_uf_show_specific_survey":0,"_uf_disable_surveys":false},"product_brand":[],"product_cat":[23],"product_tag":[57,25,7,39,8],"class_list":{"0":"post-2199","1":"product","2":"type-product","3":"status-publish","4":"has-post-thumbnail","6":"product_cat-chateau-branda","7":"product_tag-excellence","8":"product_tag-puisseguin","9":"product_tag-rouge","10":"product_tag-saint-emilion","11":"product_tag-vin","12":"product_shipping_class-ct6","14":"first","15":"outofstock","16":"featured","17":"taxable","18":"shipping-taxable","19":"purchasable","20":"product-type-simple"},"aioseo_notices":[],"_links":{"self":[{"href":"https:\/\/chateaubranda.com\/en\/wp-json\/wp\/v2\/product\/2199","targetHints":{"allow":["GET"]}}],"collection":[{"href":"https:\/\/chateaubranda.com\/en\/wp-json\/wp\/v2\/product"}],"about":[{"href":"https:\/\/chateaubranda.com\/en\/wp-json\/wp\/v2\/types\/product"}],"wp:featuredmedia":[{"embeddable":true,"href":"https:\/\/chateaubranda.com\/en\/wp-json\/wp\/v2\/media\/2200"}],"wp:attachment":[{"href":"https:\/\/chateaubranda.com\/en\/wp-json\/wp\/v2\/media?parent=2199"}],"wp:term":[{"taxonomy":"product_brand","embeddable":true,"href":"https:\/\/chateaubranda.com\/en\/wp-json\/wp\/v2\/product_brand?post=2199"},{"taxonomy":"product_cat","embeddable":true,"href":"https:\/\/chateaubranda.com\/en\/wp-json\/wp\/v2\/product_cat?post=2199"},{"taxonomy":"product_tag","embeddable":true,"href":"https:\/\/chateaubranda.com\/en\/wp-json\/wp\/v2\/product_tag?post=2199"}],"curies":[{"name":"wp","href":"https:\/\/api.w.org\/{rel}","templated":true}]}}