{"id":2197,"date":"2024-01-02T16:10:49","date_gmt":"2024-01-02T15:10:49","guid":{"rendered":"https:\/\/chateaubranda.com\/?post_type=product&#038;p=2197"},"modified":"2025-12-16T11:51:07","modified_gmt":"2025-12-16T10:51:07","slug":"chateau-branda_puisseguin-saint-emilion_millesime-2021-carton-0-75l-x6","status":"publish","type":"product","link":"https:\/\/chateaubranda.com\/en\/product\/chateau-branda_puisseguin-saint-emilion_millesime-2021-carton-0-75l-x6\/","title":{"rendered":"Ch\u00e2teau Branda 2021 Puisseguin St-Emilion carton 0.75 (X6)"},"content":{"rendered":"<div class=\"wpb-content-wrapper\"><div class=\"vc_row wpb_row vc_row-fluid\"><div class=\"wpb_column vc_column_container vc_col-sm-12\"><div class=\"vc_column-inner\"><div class=\"wpb_wrapper\">\n\t<div class=\"wpb_text_column wpb_content_element\" >\n\t\t<div class=\"wpb_wrapper\">\n\t\t\t<h3>Branda 2021,<\/h3>\n<ul>\n<li style=\"list-style-type: none;\">\n<ul>\n<li>Robe rubis fonc\u00e9 d\u2019une grande intensit\u00e9 avec des reflets violines.<\/li>\n<li>De tr\u00e8s beaux ar\u00f4mes de fruits noirs et rouges bien m\u00fbrs.<\/li>\n<li>Bouche ample, charnue, g\u00e9n\u00e9reuse profitant de tanins sont souples et soyeux.<\/li>\n<li>Une finale est longue avec un grand plaisir sur la jeunesse.<\/li>\n<li>Une tr\u00e8s belle bouteille et bonne \u00e0 d\u00e9guster tout de suite ou, \u00e0 \u00ab\u00a0oublier\u00a0\u00bben cave 5 \u00e0 6 ans pour lui donner toute sa pl\u00e9nitude.<\/li>\n<li>M\u00e9daille de Bronze au Concours de Bordeaux<\/li>\n<\/ul>\n<\/li>\n<\/ul>\n<ul>\n<li><a href=\"https:\/\/www.domaine-biodynamie.com\/post-quest-ce-que-le-label-hve-viticulture,62.html\" target=\"_blank\" rel=\"noopener noreferrer\">HVE 3<\/a> (<a href=\"https:\/\/www.domaine-biodynamie.com\/post-quest-ce-que-le-label-hve-viticulture,62.html\" target=\"_blank\" rel=\"noopener noreferrer\">High Environmental Value Level 3<\/a>)<\/li>\n<\/ul>\n\n\t\t<\/div>\n\t<\/div>\n<\/div><\/div><\/div><\/div>\n<\/div>","protected":false},"excerpt":{"rendered":"<p>Un vin de qualit\u00e9 constante, exub\u00e9rant mais souples. Un fruit exprim\u00e9 et un bois\u00e9 subtil caract\u00e9risent ce Branda.<br \/>\nNous veillons \u00e0 produire, mill\u00e9sime apr\u00e8s mill\u00e9sime ici \u00e0 Puisseguin, des vins avec la plus grande exigence et ce 2021 en est une belle expression : un vin de Puisseguin qui n&rsquo;aura pas \u00e0 rougir sur votre table \u00e0 c\u00f4t\u00e9 de prestigieux Saint-Emilion !<\/p>","protected":false},"featured_media":2198,"template":"","meta":{"om_disable_all_campaigns":false,"_monsterinsights_skip_tracking":false,"_monsterinsights_sitenote_active":false,"_monsterinsights_sitenote_note":"","_monsterinsights_sitenote_category":0,"_uf_show_specific_survey":0,"_uf_disable_surveys":false},"product_brand":[],"product_cat":[23],"product_tag":[25,7,8],"class_list":{"0":"post-2197","1":"product","2":"type-product","3":"status-publish","4":"has-post-thumbnail","6":"product_cat-chateau-branda","7":"product_tag-puisseguin","8":"product_tag-rouge","9":"product_tag-vin","11":"first","12":"instock","13":"featured","14":"taxable","15":"shipping-taxable","16":"purchasable","17":"product-type-simple"},"aioseo_notices":[],"_links":{"self":[{"href":"https:\/\/chateaubranda.com\/en\/wp-json\/wp\/v2\/product\/2197","targetHints":{"allow":["GET"]}}],"collection":[{"href":"https:\/\/chateaubranda.com\/en\/wp-json\/wp\/v2\/product"}],"about":[{"href":"https:\/\/chateaubranda.com\/en\/wp-json\/wp\/v2\/types\/product"}],"wp:featuredmedia":[{"embeddable":true,"href":"https:\/\/chateaubranda.com\/en\/wp-json\/wp\/v2\/media\/2198"}],"wp:attachment":[{"href":"https:\/\/chateaubranda.com\/en\/wp-json\/wp\/v2\/media?parent=2197"}],"wp:term":[{"taxonomy":"product_brand","embeddable":true,"href":"https:\/\/chateaubranda.com\/en\/wp-json\/wp\/v2\/product_brand?post=2197"},{"taxonomy":"product_cat","embeddable":true,"href":"https:\/\/chateaubranda.com\/en\/wp-json\/wp\/v2\/product_cat?post=2197"},{"taxonomy":"product_tag","embeddable":true,"href":"https:\/\/chateaubranda.com\/en\/wp-json\/wp\/v2\/product_tag?post=2197"}],"curies":[{"name":"wp","href":"https:\/\/api.w.org\/{rel}","templated":true}]}}