{"id":2160,"date":"2023-07-26T11:18:32","date_gmt":"2023-07-26T09:18:32","guid":{"rendered":"https:\/\/chateaubranda.com\/?post_type=product&#038;p=2160"},"modified":"2025-11-27T11:49:59","modified_gmt":"2025-11-27T10:49:59","slug":"vieux-chateau-chambeau-lussac-saint-emilion-millesime_2020-caisse-bois-0-75l-x6","status":"publish","type":"product","link":"https:\/\/chateaubranda.com\/en\/product\/vieux-chateau-chambeau-lussac-saint-emilion-millesime_2020-caisse-bois-0-75l-x6\/","title":{"rendered":"Vieux Ch\u00e2teau Chambeau 2022 Lussac Carton 0.75l (X6)"},"content":{"rendered":"<div class=\"wpb-content-wrapper\"><div class=\"vc_row wpb_row vc_row-fluid vc_custom_1460727920666 vc_row-has-fill vc_row-o-content-middle vc_row-flex\"><div class=\"wpb_column vc_column_container vc_col-sm-8 vc_col-lg-6 vc_col-md-6\"><div class=\"vc_column-inner vc_custom_1460636569719\"><div class=\"wpb_wrapper\">\n\t<div class=\"title-subtitle-box\" style=\" text-align: left;\">\n\t\t<p style=\"\">Caract\u00e9ristiques<\/p>\n\t\t<h1 style=\" font-weight: normal;\" >Notes de d\u00e9gustation<\/h1>\n\t<\/div> \n\t<div class=\"wpb_text_column wpb_content_element vc_custom_1753360813368\" >\n\t\t<div class=\"wpb_wrapper\">\n\t\t\t<h3>Vieux Chateau Chambeau 2022<\/h3>\n<ul>\n<li>Vieux Ch\u00e2teau Chambeau 2022 est d\u00e9j\u00e0 tr\u00e8s plaisant mais, vous pourrez \u00e9galement le garder de 5 \u00e0 8 ans. Notez que pour les amateurs de vins \u00ab\u00a0jeunes\u00a0\u00bb, ce Vieux Ch\u00e2teau Chambeau 2022 vous comblera \u00e9galement par sa fra\u00eecheur et se complexit\u00e9.<\/li>\n<\/ul>\n\n\t\t<\/div>\n\t<\/div>\n<\/div><\/div><\/div><div class=\"wpb_column vc_column_container vc_col-sm-4\"><div class=\"vc_column-inner\"><div class=\"wpb_wrapper\">\n\t<div class=\"title-subtitle-box\" style=\" text-align: left;\">\n\t\t<p style=\"\">Suggestions<\/p>\n\t\t<h1 style=\" font-weight: normal;\" >Accords mets &amp; vins<\/h1>\n\t<\/div> \n\t<div class=\"wpb_text_column wpb_content_element\" >\n\t\t<div class=\"wpb_wrapper\">\n\t\t\t<h3>Avec quoi accompagner ce nectar !<\/h3>\n<p>Vous pourrez servir une c\u00f4te de veau grill\u00e9 avec une fricass\u00e9 de c\u00e8pes ou de girolles avec ce vin. Une lamproie \u00e0 la bordelaise sera \u00e9galement un bon compagnon pour Vieux Ch\u00e2teau Chambeau. Avec ces plats, les ar\u00f4mes de fruits compot\u00e9s m\u00eal\u00e9s de notes grill\u00e9s et toast\u00e9s se marieront parfaitement.<\/p>\n\n\t\t<\/div>\n\t<\/div>\n<\/div><\/div><\/div><\/div>\n<\/div>","protected":false},"excerpt":{"rendered":"<p>Ce 2022 Vieux Ch\u00e2teau Chambeau AB Lussac Saint-Emilion est un beau mill\u00e9sime de terroir au caract\u00e8re souple et rond que vous pouvez d\u00e9guster d\u00e8s \u00e0 pr\u00e9sent ou \u00ab\u00a0oublier\u00a0\u00bb \u00e0 la cave (dans des conditions de stabilit\u00e9 et de conservation satisfaisantes) !<br \/>\nIl saura se d\u00e9voiler les ann\u00e9es passant.<\/p>","protected":false},"featured_media":2538,"template":"","meta":{"om_disable_all_campaigns":false,"_monsterinsights_skip_tracking":false,"_monsterinsights_sitenote_active":false,"_monsterinsights_sitenote_note":"","_monsterinsights_sitenote_category":0,"_uf_show_specific_survey":0,"_uf_disable_surveys":false},"product_brand":[],"product_cat":[24],"product_tag":[],"class_list":{"0":"post-2160","1":"product","2":"type-product","3":"status-publish","4":"has-post-thumbnail","6":"product_cat-vcc","7":"product_shipping_class-ct6","9":"first","10":"outofstock","11":"taxable","12":"shipping-taxable","13":"purchasable","14":"product-type-simple"},"aioseo_notices":[],"_links":{"self":[{"href":"https:\/\/chateaubranda.com\/en\/wp-json\/wp\/v2\/product\/2160","targetHints":{"allow":["GET"]}}],"collection":[{"href":"https:\/\/chateaubranda.com\/en\/wp-json\/wp\/v2\/product"}],"about":[{"href":"https:\/\/chateaubranda.com\/en\/wp-json\/wp\/v2\/types\/product"}],"wp:featuredmedia":[{"embeddable":true,"href":"https:\/\/chateaubranda.com\/en\/wp-json\/wp\/v2\/media\/2538"}],"wp:attachment":[{"href":"https:\/\/chateaubranda.com\/en\/wp-json\/wp\/v2\/media?parent=2160"}],"wp:term":[{"taxonomy":"product_brand","embeddable":true,"href":"https:\/\/chateaubranda.com\/en\/wp-json\/wp\/v2\/product_brand?post=2160"},{"taxonomy":"product_cat","embeddable":true,"href":"https:\/\/chateaubranda.com\/en\/wp-json\/wp\/v2\/product_cat?post=2160"},{"taxonomy":"product_tag","embeddable":true,"href":"https:\/\/chateaubranda.com\/en\/wp-json\/wp\/v2\/product_tag?post=2160"}],"curies":[{"name":"wp","href":"https:\/\/api.w.org\/{rel}","templated":true}]}}