{"id":1529,"date":"2017-11-08T14:57:31","date_gmt":"2017-11-08T13:57:31","guid":{"rendered":"https:\/\/chateaubranda.com\/?post_type=product&#038;p=1529"},"modified":"2026-01-20T17:16:21","modified_gmt":"2026-01-20T16:16:21","slug":"vieux-chateau-chambeau-lussac-saint-emilion-2014-caisse-bois-0-75l-x6","status":"publish","type":"product","link":"https:\/\/chateaubranda.com\/en\/product\/vieux-chateau-chambeau-lussac-saint-emilion-2014-caisse-bois-0-75l-x6\/","title":{"rendered":"FOIRE AUX VINS Lussac St-Emilion 2014 Caisse Bois 0.75l (X6)"},"content":{"rendered":"<div class=\"wpb-content-wrapper\"><div class=\"vc_row wpb_row vc_row-fluid vc_custom_1460727920666 vc_row-has-fill vc_row-o-content-middle vc_row-flex\"><div class=\"wpb_column vc_column_container vc_col-sm-12 vc_col-lg-6 vc_col-md-6\"><div class=\"vc_column-inner vc_custom_1460636569719\"><div class=\"wpb_wrapper\">\n\t<div class=\"title-subtitle-box\" style=\" text-align: left;\">\n\t\t<p style=\"\">Caract\u00e9ristiques<\/p>\n\t\t<h1 style=\" font-weight: normal;\" >Notes de d\u00e9gustation<\/h1>\n\t<\/div> \n\t<div class=\"wpb_text_column wpb_content_element vc_custom_1730307512727\" >\n\t\t<div class=\"wpb_wrapper\">\n\t\t\t<h3>Vieux Chateau Chambeau 2014<\/h3>\n<ul>\n<li>La caisse bois sera du plus bel effet dans votre cave ou pour offrir \u00e0 des amis ou des proches\u2026<\/li>\n<li>Le merlot domine l&rsquo;enc\u00e9pagement de Vieux Ch\u00e2teau Chambeau. Il donne au vin un caract\u00e8re souple et rond.<\/li>\n<li>Le cabernet franc qui vient le compl\u00e9ter lui apporte un charme soyeux. L&rsquo;\u00e9quilibre entre les deux c\u00e9pages s&rsquo;harmonise parfaitement gr\u00e2ce \u00e0 l&rsquo;\u00e9levage en barrique qui donne une touche d&rsquo;\u00e9l\u00e9gance finale.<\/li>\n<li>Vieux Ch\u00e2teau Chambeau 2014 sera pr\u00eat \u00e0 boire fin 2017, vous pourrez le garder 3 \u00e0 5 ans. En le servant \u00e0 17\u00b0 et en le mettant en carafe 2 heures<\/li>\n<li>il est aujourd&rsquo;hui \u00e0 son apog\u00e9e mais supportera sans faille une garde d&rsquo;encore plusieurs ann\u00e9es (si les conditions de conservation le permettent naturellement)<\/li>\n<\/ul>\n\n\t\t<\/div>\n\t<\/div>\n<\/div><\/div><\/div><div class=\"wpb_column vc_column_container vc_col-sm-12 vc_col-lg-6 vc_col-md-6 vc_hidden-sm vc_hidden-xs\"><div class=\"vc_column-inner vc_custom_1460635864072\"><div class=\"wpb_wrapper\">\n\t<div class=\"title-subtitle-box\" style=\" text-align: left;\">\n\t\t<h1 style=\" font-weight: normal;\" >Accords mets &amp; vins<\/h1>\n\t<\/div> \n\t<div class=\"wpb_text_column wpb_content_element\" >\n\t\t<div class=\"wpb_wrapper\">\n\t\t\t<p><img loading=\"lazy\" decoding=\"async\" class=\"alignnone wp-image-2391 size-full\" src=\"https:\/\/chateaubranda.com\/wp-content\/uploads\/2017\/11\/small-03_lussac_rouge_chambeau.jpg\" alt=\"verre de vin et accord mets et vins\" width=\"700\" height=\"486\" srcset=\"https:\/\/chateaubranda.com\/wp-content\/uploads\/2017\/11\/small-03_lussac_rouge_chambeau.jpg 700w, https:\/\/chateaubranda.com\/wp-content\/uploads\/2017\/11\/small-03_lussac_rouge_chambeau-300x208.jpg 300w\" sizes=\"auto, (max-width: 700px) 100vw, 700px\" \/><\/p>\n<p>Vous pourrez servir une c\u00f4te de veau grill\u00e9 avec une fricass\u00e9 de c\u00e8pes ou de girolles avec ce vin. Une lamproie \u00e0 la bordelaise sera \u00e9galement un bon compagnon pour Vieux Ch\u00e2teau Chambeau. Avec ces plats, les ar\u00f4mes de fruits compot\u00e9s m\u00eal\u00e9s de notes grill\u00e9s et toast\u00e9s se marieront parfaitement.<\/p>\n\n\t\t<\/div>\n\t<\/div>\n<\/div><\/div><\/div><\/div>\n<\/div>","protected":false},"excerpt":{"rendered":"<p>Vieux Ch\u00e2teau Chambeau 2014 un vin de Lussac Saint-Emilion au caract\u00e8re souple et rond<\/p>","protected":false},"featured_media":1536,"template":"","meta":{"om_disable_all_campaigns":false,"_monsterinsights_skip_tracking":false,"_monsterinsights_sitenote_active":false,"_monsterinsights_sitenote_note":"","_monsterinsights_sitenote_category":0,"_uf_show_specific_survey":0,"_uf_disable_surveys":false},"product_brand":[],"product_cat":[24],"product_tag":[],"class_list":{"0":"post-1529","1":"product","2":"type-product","3":"status-publish","4":"has-post-thumbnail","6":"product_cat-vcc","7":"product_shipping_class-cb6","9":"first","10":"instock","11":"sale","12":"featured","13":"taxable","14":"shipping-taxable","15":"purchasable","16":"product-type-simple"},"aioseo_notices":[],"_links":{"self":[{"href":"https:\/\/chateaubranda.com\/en\/wp-json\/wp\/v2\/product\/1529","targetHints":{"allow":["GET"]}}],"collection":[{"href":"https:\/\/chateaubranda.com\/en\/wp-json\/wp\/v2\/product"}],"about":[{"href":"https:\/\/chateaubranda.com\/en\/wp-json\/wp\/v2\/types\/product"}],"wp:featuredmedia":[{"embeddable":true,"href":"https:\/\/chateaubranda.com\/en\/wp-json\/wp\/v2\/media\/1536"}],"wp:attachment":[{"href":"https:\/\/chateaubranda.com\/en\/wp-json\/wp\/v2\/media?parent=1529"}],"wp:term":[{"taxonomy":"product_brand","embeddable":true,"href":"https:\/\/chateaubranda.com\/en\/wp-json\/wp\/v2\/product_brand?post=1529"},{"taxonomy":"product_cat","embeddable":true,"href":"https:\/\/chateaubranda.com\/en\/wp-json\/wp\/v2\/product_cat?post=1529"},{"taxonomy":"product_tag","embeddable":true,"href":"https:\/\/chateaubranda.com\/en\/wp-json\/wp\/v2\/product_tag?post=1529"}],"curies":[{"name":"wp","href":"https:\/\/api.w.org\/{rel}","templated":true}]}}