{"id":519,"date":"2016-03-21T13:06:29","date_gmt":"2016-03-21T13:06:29","guid":{"rendered":"http:\/\/okthemes.com\/villenoirdemo\/?page_id=519"},"modified":"2024-02-14T17:26:57","modified_gmt":"2024-02-14T16:26:57","slug":"faq","status":"publish","type":"page","link":"https:\/\/chateaubranda.com\/en\/faq\/","title":{"rendered":"FAQ"},"content":{"rendered":"<div class=\"wpb-content-wrapper\"><div class=\"vc_row wpb_row vc_row-fluid\"><div class=\"wpb_column vc_column_container vc_col-sm-6\"><div class=\"vc_column-inner\"><div class=\"wpb_wrapper\">\n\t<div class=\"title-subtitle-box\" style=\" text-align: left;\">\n\t\t<p style=\"\">About us<\/p>\n\t\t<h2 style=\" font-weight: normal;\" >Livraison<\/h2>\n\t<\/div> \n\t<div class=\"wpb_text_column wpb_content_element\" >\n\t\t<div class=\"wpb_wrapper\">\n\t\t\t<p><span style=\"text-decoration: underline;\"><strong>Quel transporteur utilisez-vous pour les livraisons?<\/strong><\/span><\/p>\n<p>Nous faisons appel \u00e0 un transporteur sp\u00e9cialis\u00e9 dans l&rsquo;acheminement du vin pour envoyer la majeure partie de nos commandes.<\/p>\n<p><span style=\"text-decoration: underline;\"><strong>Combien de temps prend la livraison?<\/strong><\/span><\/p>\n<p>Une livraison en France prend habituellement 4 \u00e0 8 jours ouvr\u00e9s.<\/p>\n<p><span style=\"text-decoration: underline;\"><strong>Combien co\u00fbte la livraison?<\/strong><\/span><\/p>\n<p>Difficile \u00e0 dire et surtout, variable ! En effet, le prix de la livraison varie en fonction de votre commande et du point d&rsquo;arriv\u00e9e.<\/p>\n<p><span style=\"text-decoration: underline;\"><strong>Puis-je suivre mon article ?<\/strong><\/span><\/p>\n<p>Dans la majorit\u00e9 des cas, nous assurons le suivi du colis jusqu&rsquo;\u00e0 son point de livraison. Cependant, \u00e0 votre demande, oui vous pourrez le suivre.<br \/>\nAlors vous recevrez un courrier \u00e9lectronique contenant votre num\u00e9ro de suivi.<\/p>\n<p><span style=\"text-decoration: underline;\"><strong>Livrez-vous dans mon pays?<\/strong><\/span><\/p>\n<p>Nous n&rsquo;exp\u00e9dions actuellement qu&rsquo;en France mais nous envisageons la possibilit\u00e9 d\u2019exp\u00e9dier dans le futur \u00e0 l&rsquo;\u00e9tranger.<br \/>\nPour toute demande hors de nos fronti\u00e8res, n&rsquo;h\u00e9sitez pas \u00e0 nous contacter !<\/p>\n\n\t\t<\/div>\n\t<\/div>\n\n\t<div class=\"title-subtitle-box\" style=\" text-align: left;\">\n\t\t<p style=\"\">About us<\/p>\n\t\t<h2 style=\" font-weight: normal;\" >R\u00e9glement<\/h2>\n\t<\/div> \n\t<div class=\"wpb_text_column wpb_content_element\" >\n\t\t<div class=\"wpb_wrapper\">\n\t\t\t<p><span style=\"text-decoration: underline;\"><strong>Quels modes de paiement acceptez-vous?<\/strong><\/span><\/p>\n<p>Nous acceptons actuellement toutes les cartes de cr\u00e9dit par l&rsquo;interm\u00e9diaire de notre partenaire Paypal.<br \/>\nNaturellement, vous pourrez r\u00e9gler directement via Paypal sans cr\u00e9er de compter chez eux.<br \/>\nN\u00e9anmoins, si vous poss\u00e9dez d\u00e9j\u00e0 un compte Paypal, vous pouvez sans difficult\u00e9 r\u00e9gler avec !<\/p>\n<p><span style=\"text-decoration: underline;\"><strong>Quelles devises puis-je utiliser?<\/strong><\/span><\/p>\n<p>Nous acceptons uniquement et pour l&rsquo;instant le paiement en euros.<\/p>\n\n\t\t<\/div>\n\t<\/div>\n<\/div><\/div><\/div><div class=\"wpb_column vc_column_container vc_col-sm-6\"><div class=\"vc_column-inner\"><div class=\"wpb_wrapper\">\n\t<div class=\"title-subtitle-box\" style=\" text-align: left;\">\n\t\t<p style=\"\">About us<\/p>\n\t\t<h2 style=\" font-weight: normal;\" >Retour ou litige<\/h2>\n\t<\/div> \n\t<div class=\"wpb_text_column wpb_content_element\" >\n\t\t<div class=\"wpb_wrapper\">\n\t\t\t<p><span style=\"text-decoration: underline;\"><strong>Quelle est votre politique de retour en ligne?<\/strong><\/span><\/p>\n<p>Si une erreur s&rsquo;est gliss\u00e9e lors de la pr\u00e9paration de commande que vous avez re\u00e7ue, vous pouvez nous la renvoyer dans les 14 jours suivant la r\u00e9ception, \u00e0 condition d&rsquo;\u00eatre conditionn\u00e9e comme lors de la r\u00e9ception.<\/p>\n<p>Une fois retourn\u00e9e, nous vous proposerons un \u00e9change ou un remboursement.<\/p>\n<p>Naturellement, comme il s&rsquo;agit de vin, nous ne sommes pas en mesure de rembourser ou d&rsquo;\u00e9changer une bouteille entam\u00e9e ou consomm\u00e9e.<\/p>\n<p>Veuillez joindre le formulaire de retour rempli avec vos produits et assurez-vous que tous les articles retourn\u00e9s sont bien emball\u00e9s, de mani\u00e8re \u00e0 ne pas \u00eatre endommag\u00e9s dans le transport.<\/p>\n<p><span style=\"text-decoration: underline;\"><strong>Comment puis-je retourner une commande ?<\/strong><\/span><\/p>\n<p>Pour renvoyer un \u00e9l\u00e9ment, vous pouvez simplement remplir le formulaire de retour ci-joint et joindre l&rsquo;adresse de retour au colis puis l&#8217;emmener \u00e0 votre bureau de poste local.<\/p>\n<p><span style=\"text-decoration: underline;\"><strong>Qui paie pour l&rsquo;affranchissement du retour?<\/strong><\/span><\/p>\n<p>Nous vous offrons gratuitement les frais de retour sur toutes les commandes retourn\u00e9es dans les 14 jours suivant la r\u00e9ception.<\/p>\n<p><span style=\"text-decoration: underline;\"><strong>Pouvez-vous confirmer que vous avez re\u00e7u mon retour?<\/strong><\/span><\/p>\n<p>Nous visons \u00e0 traiter les retours dans les 3 jours ouvrables suivant leur r\u00e9ception. Vous serez inform\u00e9 par courrier \u00e9lectronique une fois que le processus de retour sera termin\u00e9.<\/p>\n\n\t\t<\/div>\n\t<\/div>\n<\/div><\/div><\/div><\/div>\n<\/div>","protected":false},"excerpt":{"rendered":"A propos Livraison Quel transporteur utilisez-vous pour les livraisons? Nous faisons appel \u00e0 un transporteur sp\u00e9cialis\u00e9 dans l'acheminement du vin pour envoyer la majeure partie de nos commandes. Combien de<br class=\"read-more-spacer\"> <a class=\"more-link\" href=\"https:\/\/chateaubranda.com\/en\/faq\/\">Read More<\/a>","protected":false},"author":37,"featured_media":0,"parent":0,"menu_order":0,"comment_status":"closed","ping_status":"closed","template":"","meta":{"om_disable_all_campaigns":false,"_monsterinsights_skip_tracking":false,"_monsterinsights_sitenote_active":false,"_monsterinsights_sitenote_note":"","_monsterinsights_sitenote_category":0,"_uf_show_specific_survey":0,"_uf_disable_surveys":false,"footnotes":""},"class_list":["post-519","page","type-page","status-publish","hentry"],"aioseo_notices":[],"_links":{"self":[{"href":"https:\/\/chateaubranda.com\/en\/wp-json\/wp\/v2\/pages\/519","targetHints":{"allow":["GET"]}}],"collection":[{"href":"https:\/\/chateaubranda.com\/en\/wp-json\/wp\/v2\/pages"}],"about":[{"href":"https:\/\/chateaubranda.com\/en\/wp-json\/wp\/v2\/types\/page"}],"author":[{"embeddable":true,"href":"https:\/\/chateaubranda.com\/en\/wp-json\/wp\/v2\/users\/37"}],"replies":[{"embeddable":true,"href":"https:\/\/chateaubranda.com\/en\/wp-json\/wp\/v2\/comments?post=519"}],"version-history":[{"count":7,"href":"https:\/\/chateaubranda.com\/en\/wp-json\/wp\/v2\/pages\/519\/revisions"}],"predecessor-version":[{"id":2264,"href":"https:\/\/chateaubranda.com\/en\/wp-json\/wp\/v2\/pages\/519\/revisions\/2264"}],"wp:attachment":[{"href":"https:\/\/chateaubranda.com\/en\/wp-json\/wp\/v2\/media?parent=519"}],"curies":[{"name":"wp","href":"https:\/\/api.w.org\/{rel}","templated":true}]}}