{"id":503,"date":"2016-03-21T12:36:58","date_gmt":"2016-03-21T12:36:58","guid":{"rendered":"http:\/\/okthemes.com\/villenoirdemo\/?page_id=503"},"modified":"2024-09-17T16:52:23","modified_gmt":"2024-09-17T14:52:23","slug":"recompenses","status":"publish","type":"page","link":"https:\/\/chateaubranda.com\/en\/recompenses\/","title":{"rendered":"Press review &amp; Awards"},"content":{"rendered":"<div class=\"wpb-content-wrapper\"><div class=\"vc_row wpb_row vc_row-fluid vc_custom_1458564277675\"><div class=\"wpb_column vc_column_container vc_col-sm-6\"><div class=\"vc_column-inner\"><div class=\"wpb_wrapper\">\n\t<div class=\"title-subtitle-box\" style=\" text-align: left;\">\n\t\t<p style=\"\">2021<\/p>\n\t\t<h2 style=\" font-weight: normal;\" >Vieux Ch\u00e2teau chambeau<\/h2>\n\t<\/div> <\/div><\/div><\/div><div class=\"wpb_column vc_column_container vc_col-sm-6\"><div class=\"vc_column-inner\"><div class=\"wpb_wrapper\">\n\t<div class=\"gg_list list_style_line\">\n<ul>\n<li>Nous pouvons nous enorgueillir de deux \u00e9toiles dans le grand guide 2024 des foires aux vins du Point\u00a0 !<\/li>\n<li>Certifi\u00e9 HVE (Haute Valeur Environnementale), le domaine est labellis\u00e9 AB depuis 2021.<\/li>\n<li>Domin\u00e9 par le merlot (85%), notre mill\u00e9sime 2021 s&rsquo;enveloppe dans une robe sombre \u00e0 reflets violines.<\/li>\n<li>Gorg\u00e9e de fruits rouges juteux, d&rsquo;une puissance contenue, cette cuv\u00e9e de plaisir s\u00e9duit autant par son \u00e9l\u00e9gance que par son prix.<\/li>\n<li>La bouche est fra\u00eeche, soutenue par des tanins fins, une finale vive et longue.\u00a0\u00bb<img loading=\"lazy\" decoding=\"async\" class=\"alignnone wp-image-2359 size-medium\" src=\"https:\/\/chateaubranda.com\/wp-content\/uploads\/2024\/09\/le-point-foire-aux-vins-2024-226x300.jpg\" alt=\"\" width=\"226\" height=\"300\" srcset=\"https:\/\/chateaubranda.com\/wp-content\/uploads\/2024\/09\/le-point-foire-aux-vins-2024-226x300.jpg 226w, https:\/\/chateaubranda.com\/wp-content\/uploads\/2024\/09\/le-point-foire-aux-vins-2024.jpg 527w\" sizes=\"auto, (max-width: 226px) 100vw, 226px\" \/><\/li>\n<\/ul>\n<\/div><\/div><\/div><\/div><\/div><div class=\"vc_row wpb_row vc_row-fluid vc_custom_1458565399766\"><div class=\"wpb_column vc_column_container vc_col-sm-6\"><div class=\"vc_column-inner\"><div class=\"wpb_wrapper\">\n\t<div class=\"gg_list list_style_line\">\n<ul>\n<li>Palmar\u00e8s Concours des Vins Du <strong>24 f\u00e9vrier<\/strong> au <strong>3 mars 2024<\/strong><br \/>\n<span class=\"location\">Concours G\u00e9n\u00e9ral Agricole Paris, Porte de Versaille<\/span>\n<ul>\n<li>Vieux Ch\u00e2teau Chambeau \/ Tour des Agasseaux mill\u00e9sime 2022 a re\u00e7u la m\u00e9daille d&rsquo;Argent<\/li>\n<\/ul>\n<\/li>\n<li><img loading=\"lazy\" decoding=\"async\" class=\"alignnone wp-image-2285\" src=\"https:\/\/chateaubranda.com\/wp-content\/uploads\/2024\/03\/medaille_argent_concours_paris2024_lussac2022-300x118.jpg\" alt=\"\" width=\"438\" height=\"172\" srcset=\"https:\/\/chateaubranda.com\/wp-content\/uploads\/2024\/03\/medaille_argent_concours_paris2024_lussac2022-300x118.jpg 300w, https:\/\/chateaubranda.com\/wp-content\/uploads\/2024\/03\/medaille_argent_concours_paris2024_lussac2022-1024x403.jpg 1024w, https:\/\/chateaubranda.com\/wp-content\/uploads\/2024\/03\/medaille_argent_concours_paris2024_lussac2022-768x302.jpg 768w, https:\/\/chateaubranda.com\/wp-content\/uploads\/2024\/03\/medaille_argent_concours_paris2024_lussac2022.jpg 1304w\" sizes=\"auto, (max-width: 438px) 100vw, 438px\" \/><\/li>\n<\/ul>\n<\/div><\/div><\/div><\/div><div class=\"wpb_column vc_column_container vc_col-sm-6\"><div class=\"vc_column-inner\"><div class=\"wpb_wrapper\">\n\t<div class=\"title-subtitle-box\" style=\" text-align: left;\">\n\t\t<p style=\"\">2022<\/p>\n\t\t<h2 style=\" font-weight: normal;\" >Vieux Ch\u00e2teau Chambeau &amp; Tour des Agasseaux<\/h2>\n\t<\/div> <\/div><\/div><\/div><\/div><div class=\"vc_row wpb_row vc_row-fluid vc_custom_1458564277675\"><div class=\"wpb_column vc_column_container vc_col-sm-6\"><div class=\"vc_column-inner\"><div class=\"wpb_wrapper\">\n\t<div class=\"title-subtitle-box\" style=\" text-align: left;\">\n\t\t<p style=\"\">2016<\/p>\n\t\t<h2 style=\" font-weight: normal;\" >Ch\u00e2teau Branda<\/h2>\n\t<\/div> <\/div><\/div><\/div><div class=\"wpb_column vc_column_container vc_col-sm-6\"><div class=\"vc_column-inner\"><div class=\"wpb_wrapper\">\n\t<div class=\"gg_list list_style_line\">\n<ul>\n<li>La propri\u00e9t\u00e9 de 34 hectares de Guy Benjamin produit trois grands vins sur deux des appellations \u00ab satellites \u00bb de saint-\u00e9milion : puisseguin et lussac. Son sous-sol b\u00e9n\u00e9ficie des m\u00eames atouts que les grands crus de Saint-\u00c9milion. Le vignoble de Branda occupe 20 hectares. Gr\u00e2ce aux investissements et aux soins m\u00e9ticuleux port\u00e9s de la vigne \u00e0 la bouteille en passant par les vinifications parcellaires, son vin fait partie des fleurons de l&rsquo;appellation : \u00a0\u00bb Nous sommes tr\u00e8s vigilants lors de la vedange afin de n&rsquo;utiliser que les plus beaux raisins\u00a0\u00bb, pr\u00e9vient Paul Rafin, ma\u00eetre de chai, responsable d&rsquo;exploitation.<br \/>\nCertifi\u00e9 HVE (Haute Valeur Environnementale), le domaine est en conversion bio depuis 2018. Domin\u00e9 par le merlot (85%), le 2016 s&rsquo;enveloppe dans une robe sombre \u00e0 reflets violines. Gorg\u00e9e de fruits rouges juteux, d&rsquo;une puissance contenue, cette cuv\u00e9e de plaisir s\u00e9duit autant par son \u00e9l\u00e9gance que par son prix. La bouche est fra\u00eeche, soutenue par des tanins fins, une finale vive et longue.\u00a0\u00bb<br \/>\nVal\u00e9rie Faust\n<ul>\n<li><img loading=\"lazy\" decoding=\"async\" class=\"alignnone wp-image-1710 size-medium\" src=\"https:\/\/chateaubranda.com\/wp-content\/uploads\/2019\/07\/figarovin-300x150.png\" alt=\"\" width=\"300\" height=\"150\" srcset=\"https:\/\/chateaubranda.com\/wp-content\/uploads\/2019\/07\/figarovin-300x150.png 300w, https:\/\/chateaubranda.com\/wp-content\/uploads\/2019\/07\/figarovin-768x384.png 768w, https:\/\/chateaubranda.com\/wp-content\/uploads\/2019\/07\/figarovin.png 800w\" sizes=\"auto, (max-width: 300px) 100vw, 300px\" \/><\/li>\n<\/ul>\n<\/li>\n<\/ul>\n<\/div><\/div><\/div><\/div><\/div><div class=\"vc_row wpb_row vc_row-fluid vc_custom_1458564260157\"><div class=\"wpb_column vc_column_container vc_col-sm-12\"><div class=\"vc_column-inner vc_custom_1458564215708\"><div class=\"wpb_wrapper\"><div class=\"vc_separator wpb_content_element vc_separator_align_center vc_sep_width_100 vc_sep_pos_align_center vc_separator_no_text vc_sep_color_grey vc_custom_1458564307490 wpb_content_element  vc_custom_1458564307490 wpb_content_element\" ><span class=\"vc_sep_holder vc_sep_holder_l\"><span class=\"vc_sep_line\"><\/span><\/span><span class=\"vc_sep_holder vc_sep_holder_r\"><span class=\"vc_sep_line\"><\/span><\/span>\n<\/div><\/div><\/div><\/div><\/div><div class=\"vc_row wpb_row vc_row-fluid vc_custom_1458565399766\"><div class=\"wpb_column vc_column_container vc_col-sm-6\"><div class=\"vc_column-inner\"><div class=\"wpb_wrapper\">\n\t<div class=\"gg_list list_style_line\">\n<ul>\n<li>VIIth CHALLENGE TO THE BEST FRENCH WINES &amp; SPIRITS FOR THE USA AT THE CHALLENGE TO THE BEST FRENCH WINES &amp; BEERS FOR USA\n<ul>\n<li>This is to CERTIFY that, Vieux Ch\u00e2teau Chambeau 2015 has been awarded a SILVER MEDAL<\/li>\n<\/ul>\n<\/li>\n<\/ul>\n<img loading=\"lazy\" decoding=\"async\" class=\"alignnone size-medium wp-image-1498\" src=\"https:\/\/chateaubranda.com\/wp-content\/uploads\/2016\/03\/argent-usa-vcc-vieux-chateau-chambeau-300x211.jpg\" alt=\"\" width=\"300\" height=\"211\" srcset=\"https:\/\/chateaubranda.com\/wp-content\/uploads\/2016\/03\/argent-usa-vcc-vieux-chateau-chambeau-300x211.jpg 300w, https:\/\/chateaubranda.com\/wp-content\/uploads\/2016\/03\/argent-usa-vcc-vieux-chateau-chambeau-768x541.jpg 768w, https:\/\/chateaubranda.com\/wp-content\/uploads\/2016\/03\/argent-usa-vcc-vieux-chateau-chambeau-1024x722.jpg 1024w, https:\/\/chateaubranda.com\/wp-content\/uploads\/2016\/03\/argent-usa-vcc-vieux-chateau-chambeau.jpg 1307w\" sizes=\"auto, (max-width: 300px) 100vw, 300px\" \/>\n<ul>\n<li>VIIth CHALLENGE TO THE BEST FRENCH WINES &amp; SPIRITS FOR ASIA ORGANIZED BY ALLWINES &amp; HKSA<br \/>\nVII\u00e8me Concours des Meilleurs Vins et Spiritueux Fran\u00e7ais en Asie qui a eu lieu les 14 et 15 Avril 2017 \u00e0 Hong Kong\n<ul>\n<li>Certify that Vieux Ch\u00e2teau Chambeau 2015 AOC Lussac Saint-Emilion has been awarded by a Silver medal<\/li>\n<\/ul>\n<\/li>\n<li><img loading=\"lazy\" decoding=\"async\" class=\"alignnone size-medium wp-image-1638\" src=\"https:\/\/chateaubranda.com\/wp-content\/uploads\/2018\/09\/Diplome1_Chateau-du-Branda-page-001-300x212.jpg\" alt=\"\" width=\"300\" height=\"212\" srcset=\"https:\/\/chateaubranda.com\/wp-content\/uploads\/2018\/09\/Diplome1_Chateau-du-Branda-page-001-300x212.jpg 300w, https:\/\/chateaubranda.com\/wp-content\/uploads\/2018\/09\/Diplome1_Chateau-du-Branda-page-001-768x543.jpg 768w, https:\/\/chateaubranda.com\/wp-content\/uploads\/2018\/09\/Diplome1_Chateau-du-Branda-page-001-1024x724.jpg 1024w, https:\/\/chateaubranda.com\/wp-content\/uploads\/2018\/09\/Diplome1_Chateau-du-Branda-page-001.jpg 1754w\" sizes=\"auto, (max-width: 300px) 100vw, 300px\" \/><\/li>\n<\/ul>\n<\/div><\/div><\/div><\/div><div class=\"wpb_column vc_column_container vc_col-sm-6\"><div class=\"vc_column-inner\"><div class=\"wpb_wrapper\">\n\t<div class=\"title-subtitle-box\" style=\" text-align: left;\">\n\t\t<p style=\"\">2015<\/p>\n\t\t<h2 style=\" font-weight: normal;\" >Old Ch\u00e2teau Chambeau<\/h2>\n\t<\/div> <\/div><\/div><\/div><\/div><div class=\"vc_row wpb_row vc_row-fluid vc_custom_1458564260157\"><div class=\"wpb_column vc_column_container vc_col-sm-12\"><div class=\"vc_column-inner vc_custom_1458564215708\"><div class=\"wpb_wrapper\"><div class=\"vc_separator wpb_content_element vc_separator_align_center vc_sep_width_100 vc_sep_pos_align_center vc_separator_no_text vc_sep_color_grey vc_custom_1458564307490 wpb_content_element  vc_custom_1458564307490 wpb_content_element\" ><span class=\"vc_sep_holder vc_sep_holder_l\"><span class=\"vc_sep_line\"><\/span><\/span><span class=\"vc_sep_holder vc_sep_holder_r\"><span class=\"vc_sep_line\"><\/span><\/span>\n<\/div><\/div><\/div><\/div><\/div><div class=\"vc_row wpb_row vc_row-fluid vc_custom_1458564277675\"><div class=\"wpb_column vc_column_container vc_col-sm-6\"><div class=\"vc_column-inner\"><div class=\"wpb_wrapper\">\n\t<div class=\"title-subtitle-box\" style=\" text-align: left;\">\n\t\t<p style=\"\">2015<\/p>\n\t\t<h2 style=\" font-weight: normal;\" >Ch\u00e2teau Branda<\/h2>\n\t<\/div> <\/div><\/div><\/div><div class=\"wpb_column vc_column_container vc_col-sm-6\"><div class=\"vc_column-inner\"><div class=\"wpb_wrapper\">\n\t<div class=\"gg_list list_style_line\">\n<ul>\n<li>VIIth CHALLENGE TO THE BEST FRENCH WINES &amp; SPIRITS FOR ASIA ORGANIZED BY ALLWINES &amp; HKSA<br \/>\nVII\u00e8me Concours des Meilleurs Vins et Spiritueux Fran\u00e7ais en Asie. qui a eu lieu les 14 et 15 Avril 2017 \u00e0 Hong Kong\n<ul>\n<li>Certify that Ch\u00e2teau du Branda Has been awarded by a Silver medal<br \/>\n<img loading=\"lazy\" decoding=\"async\" class=\"alignnone size-medium wp-image-1639\" src=\"https:\/\/chateaubranda.com\/wp-content\/uploads\/2018\/09\/Diplome2_Chateau-du-Branda-page-001-300x212.jpg\" alt=\"\" width=\"300\" height=\"212\" srcset=\"https:\/\/chateaubranda.com\/wp-content\/uploads\/2018\/09\/Diplome2_Chateau-du-Branda-page-001-300x212.jpg 300w, https:\/\/chateaubranda.com\/wp-content\/uploads\/2018\/09\/Diplome2_Chateau-du-Branda-page-001-768x543.jpg 768w, https:\/\/chateaubranda.com\/wp-content\/uploads\/2018\/09\/Diplome2_Chateau-du-Branda-page-001-1024x724.jpg 1024w, https:\/\/chateaubranda.com\/wp-content\/uploads\/2018\/09\/Diplome2_Chateau-du-Branda-page-001.jpg 1754w\" sizes=\"auto, (max-width: 300px) 100vw, 300px\" \/><\/li>\n<\/ul>\n<\/li>\n<\/ul>\n<\/div><\/div><\/div><\/div><\/div><div class=\"vc_row wpb_row vc_row-fluid vc_custom_1458564260157\"><div class=\"wpb_column vc_column_container vc_col-sm-12\"><div class=\"vc_column-inner vc_custom_1458564215708\"><div class=\"wpb_wrapper\"><div class=\"vc_separator wpb_content_element vc_separator_align_center vc_sep_width_100 vc_sep_pos_align_center vc_separator_no_text vc_sep_color_grey vc_custom_1458564307490 wpb_content_element  vc_custom_1458564307490 wpb_content_element\" ><span class=\"vc_sep_holder vc_sep_holder_l\"><span class=\"vc_sep_line\"><\/span><\/span><span class=\"vc_sep_holder vc_sep_holder_r\"><span class=\"vc_sep_line\"><\/span><\/span>\n<\/div><\/div><\/div><\/div><\/div>\n<\/div>","protected":false},"excerpt":{"rendered":"2021 Vieux Ch\u00e2teau chambeau Nous pouvons nous enorgueillir de deux \u00e9toiles dans le grand guide 2024 des foires aux vins du Point\u00a0 ! Certifi\u00e9 HVE (Haute Valeur Environnementale), le domaine<br class=\"read-more-spacer\"> <a class=\"more-link\" href=\"https:\/\/chateaubranda.com\/en\/recompenses\/\">Read More<\/a>","protected":false},"author":37,"featured_media":1491,"parent":0,"menu_order":0,"comment_status":"closed","ping_status":"closed","template":"","meta":{"om_disable_all_campaigns":false,"_monsterinsights_skip_tracking":false,"_monsterinsights_sitenote_active":false,"_monsterinsights_sitenote_note":"","_monsterinsights_sitenote_category":0,"_uf_show_specific_survey":0,"_uf_disable_surveys":false,"footnotes":""},"class_list":["post-503","page","type-page","status-publish","has-post-thumbnail","hentry"],"aioseo_notices":[],"_links":{"self":[{"href":"https:\/\/chateaubranda.com\/en\/wp-json\/wp\/v2\/pages\/503","targetHints":{"allow":["GET"]}}],"collection":[{"href":"https:\/\/chateaubranda.com\/en\/wp-json\/wp\/v2\/pages"}],"about":[{"href":"https:\/\/chateaubranda.com\/en\/wp-json\/wp\/v2\/types\/page"}],"author":[{"embeddable":true,"href":"https:\/\/chateaubranda.com\/en\/wp-json\/wp\/v2\/users\/37"}],"replies":[{"embeddable":true,"href":"https:\/\/chateaubranda.com\/en\/wp-json\/wp\/v2\/comments?post=503"}],"version-history":[{"count":20,"href":"https:\/\/chateaubranda.com\/en\/wp-json\/wp\/v2\/pages\/503\/revisions"}],"predecessor-version":[{"id":2360,"href":"https:\/\/chateaubranda.com\/en\/wp-json\/wp\/v2\/pages\/503\/revisions\/2360"}],"wp:featuredmedia":[{"embeddable":true,"href":"https:\/\/chateaubranda.com\/en\/wp-json\/wp\/v2\/media\/1491"}],"wp:attachment":[{"href":"https:\/\/chateaubranda.com\/en\/wp-json\/wp\/v2\/media?parent=503"}],"curies":[{"name":"wp","href":"https:\/\/api.w.org\/{rel}","templated":true}]}}