{"id":448,"date":"2016-03-21T09:58:31","date_gmt":"2016-03-21T09:58:31","guid":{"rendered":"http:\/\/okthemes.com\/villenoirdemo\/?page_id=448"},"modified":"2024-02-14T17:54:17","modified_gmt":"2024-02-14T16:54:17","slug":"le-domaine","status":"publish","type":"page","link":"https:\/\/chateaubranda.com\/en\/le-domaine\/","title":{"rendered":"The estate"},"content":{"rendered":"<div class=\"wpb-content-wrapper\"><div data-vc-full-width=\"true\" data-vc-full-width-temp=\"true\" data-vc-full-width-init=\"false\" data-vc-stretch-content=\"true\" class=\"vc_row wpb_row vc_row-fluid vc_custom_1490800689003 vc_row-no-padding\"><div class=\"wpb_column vc_column_container vc_col-sm-12\"><div class=\"vc_column-inner\"><div class=\"wpb_wrapper\"><div class=\"wpb_gallery wpb_content_element vc_clearfix wpb_content_element\" ><div class=\"wpb_wrapper\"><div class=\"wpb_gallery_slides wpb_flexslider flexslider_fade flexslider\" data-interval=\"0\" data-flex_fx=\"fade\"><ul class=\"slides\"><li><a class=\"\" href=\"https:\/\/chateaubranda.com\/wp-content\/uploads\/2016\/03\/parcelle-branda-vigne-puisseguin-1024x683.jpg\" data-lightbox=\"lightbox[rel-448-1881749374]\"><img loading=\"lazy\" decoding=\"async\" width=\"1620\" height=\"1080\" src=\"https:\/\/chateaubranda.com\/wp-content\/uploads\/2016\/03\/parcelle-branda-vigne-puisseguin.jpg\" class=\"attachment-full\" alt=\"\" title=\"parcelle-branda-vigne-puisseguin\" srcset=\"https:\/\/chateaubranda.com\/wp-content\/uploads\/2016\/03\/parcelle-branda-vigne-puisseguin.jpg 1620w, https:\/\/chateaubranda.com\/wp-content\/uploads\/2016\/03\/parcelle-branda-vigne-puisseguin-300x200.jpg 300w, https:\/\/chateaubranda.com\/wp-content\/uploads\/2016\/03\/parcelle-branda-vigne-puisseguin-768x512.jpg 768w, https:\/\/chateaubranda.com\/wp-content\/uploads\/2016\/03\/parcelle-branda-vigne-puisseguin-1024x683.jpg 1024w\" sizes=\"auto, (max-width: 1620px) 100vw, 1620px\" \/><\/a><\/li><li><a class=\"\" href=\"https:\/\/chateaubranda.com\/wp-content\/uploads\/2016\/03\/etiquetage-bouteilles-vieux-chateau-chambeau-B-0-1024x600.jpg\" data-lightbox=\"lightbox[rel-448-1881749374]\"><img loading=\"lazy\" decoding=\"async\" width=\"1843\" height=\"1080\" src=\"https:\/\/chateaubranda.com\/wp-content\/uploads\/2016\/03\/etiquetage-bouteilles-vieux-chateau-chambeau-B-0.jpg\" class=\"attachment-full\" alt=\"\" title=\"etiquetage-bouteilles-vieux-chateau-chambeau-B-0\" srcset=\"https:\/\/chateaubranda.com\/wp-content\/uploads\/2016\/03\/etiquetage-bouteilles-vieux-chateau-chambeau-B-0.jpg 1843w, https:\/\/chateaubranda.com\/wp-content\/uploads\/2016\/03\/etiquetage-bouteilles-vieux-chateau-chambeau-B-0-300x176.jpg 300w, https:\/\/chateaubranda.com\/wp-content\/uploads\/2016\/03\/etiquetage-bouteilles-vieux-chateau-chambeau-B-0-768x450.jpg 768w, https:\/\/chateaubranda.com\/wp-content\/uploads\/2016\/03\/etiquetage-bouteilles-vieux-chateau-chambeau-B-0-1024x600.jpg 1024w\" sizes=\"auto, (max-width: 1843px) 100vw, 1843px\" \/><\/a><\/li><li><a class=\"\" href=\"https:\/\/chateaubranda.com\/wp-content\/uploads\/2016\/03\/bouteilles-chateau-branda-puisseguin-presentoire-bois-0-1024x689.png\" data-lightbox=\"lightbox[rel-448-1881749374]\"><img loading=\"lazy\" decoding=\"async\" width=\"1606\" height=\"1080\" src=\"https:\/\/chateaubranda.com\/wp-content\/uploads\/2016\/03\/bouteilles-chateau-branda-puisseguin-presentoire-bois-0.png\" class=\"attachment-full\" alt=\"\" title=\"bouteilles-chateau-branda-puisseguin-presentoire-bois-0\" srcset=\"https:\/\/chateaubranda.com\/wp-content\/uploads\/2016\/03\/bouteilles-chateau-branda-puisseguin-presentoire-bois-0.png 1606w, https:\/\/chateaubranda.com\/wp-content\/uploads\/2016\/03\/bouteilles-chateau-branda-puisseguin-presentoire-bois-0-300x202.png 300w, https:\/\/chateaubranda.com\/wp-content\/uploads\/2016\/03\/bouteilles-chateau-branda-puisseguin-presentoire-bois-0-768x516.png 768w, https:\/\/chateaubranda.com\/wp-content\/uploads\/2016\/03\/bouteilles-chateau-branda-puisseguin-presentoire-bois-0-1024x689.png 1024w\" sizes=\"auto, (max-width: 1606px) 100vw, 1606px\" \/><\/a><\/li><li><a class=\"\" href=\"https:\/\/chateaubranda.com\/wp-content\/uploads\/2021\/10\/facade_branda-1024x579.jpg\" data-lightbox=\"lightbox[rel-448-1881749374]\"><img loading=\"lazy\" decoding=\"async\" width=\"2560\" height=\"1447\" src=\"https:\/\/chateaubranda.com\/wp-content\/uploads\/2021\/10\/facade_branda-scaled.jpg\" class=\"attachment-full\" alt=\"\" title=\"Ch\u00e2teau Branda Puisseguin Lussac Saint-Emilion\" srcset=\"https:\/\/chateaubranda.com\/wp-content\/uploads\/2021\/10\/facade_branda-scaled.jpg 2560w, https:\/\/chateaubranda.com\/wp-content\/uploads\/2021\/10\/facade_branda-300x170.jpg 300w, https:\/\/chateaubranda.com\/wp-content\/uploads\/2021\/10\/facade_branda-1024x579.jpg 1024w, https:\/\/chateaubranda.com\/wp-content\/uploads\/2021\/10\/facade_branda-768x434.jpg 768w, https:\/\/chateaubranda.com\/wp-content\/uploads\/2021\/10\/facade_branda-1536x868.jpg 1536w, https:\/\/chateaubranda.com\/wp-content\/uploads\/2021\/10\/facade_branda-2048x1158.jpg 2048w\" sizes=\"auto, (max-width: 2560px) 100vw, 2560px\" \/><\/a><\/li><\/ul><\/div><\/div><\/div><\/div><\/div><\/div><\/div><div class=\"vc_row-full-width vc_clearfix\"><\/div><div class=\"vc_row wpb_row vc_row-fluid vc_custom_1458737831058\"><div class=\"wpb_column vc_column_container vc_col-sm-2\"><div class=\"vc_column-inner\"><div class=\"wpb_wrapper\"><\/div><\/div><\/div><div class=\"wpb_column vc_column_container vc_col-sm-8\"><div class=\"vc_column-inner vc_custom_1458555142589\"><div class=\"wpb_wrapper\">\n\t<div class=\"title-subtitle-box \" style=\" text-align: center;\">\n\t\t<p style=\"\">L'histoire de<\/p>\n\t\t<h1 style=\" font-weight: normal;\" >Ch\u00e2teau Branda<\/h1>\n\t<\/div> \n\t<div class=\"wpb_text_column wpb_content_element\" >\n\t\t<div class=\"wpb_wrapper\">\n\t\t\t<p>Le nom de Puisseguin vient d&rsquo;un compagnon de Charlemagne, le seigneur de <em>Seguin<\/em> qui vers 800 vient s&rsquo;installer sur ces lieux de collines appel\u00e9es Puy. Le nom de Branda qui vient du latin brandes, d\u00e9signe les bruy\u00e8res, ces terres pauvres faites de chailles, de meuli\u00e8res, de silex noirs et blonds et bien s\u00fbr de calcaire et de graves qui ont fait depuis que la vigne y est plant\u00e9e la grandeur de ce terroir. C&rsquo;est au XVII \u00e8me si\u00e8cle que le d\u00e9veloppement de la vigne va se faire sur le sol de l&rsquo;actuel Branda. De nombreux documents en attestent. La puissante abbaye cistercienne de <em>Faise<\/em> et ses abb\u00e9s de <em>Montesquieu<\/em> d\u00e9veloppe une promotion de ces vins aupr\u00e8s de l&rsquo;Episcopat et de la Cour. C&rsquo;est \u00e0 cette \u00e9poque que les <em>Combret de la Nauze<\/em> sont propri\u00e9taires d&rsquo;une partie des parcelles actuelles de Branda. Le sieur de <em>Combret<\/em> f\u00fbt l&rsquo;un des grands pionniers de la viticulture du Saint Emilionnais.<\/p>\n<p>Au d\u00e9but du XIX \u00e8me si\u00e8cle les <em>Comtes de la Rochette<\/em> r\u00e8gnent sur Branda. Puis sous le second empire, ce sera les <em>Robert<\/em>, une famille de n\u00e9gociants Bordelais qui prendra le destin de Branda. La descendance des <em>Robert<\/em> c\u00e9dera la propri\u00e9t\u00e9 aux <em>Bonin<\/em> en 1978 apr\u00e8s plus de 100 ans dans la m\u00eame famille. Notons que durant le XIX \u00e8me si\u00e8cles le grand <em>Jules Guyot<\/em> dans son ouvrage de 1861 sur la vigne et les terres pauvres, parle en terme \u00e9logieux des vins fins de Pomerol et de Saint-Emilion et d&rsquo;une viticulture type qu&rsquo;il recommande. Les <em>Bonin<\/em> c\u00e9deront quelques ann\u00e9es plus tard Branda \u00e0 la <em>Compagnie G\u00e9n\u00e9rale des Eaux<\/em>. C&rsquo;est en juillet 1998 que <em>Guy Benjamin<\/em> prend possession de Branda. Sous sa conduite, d&rsquo;importants travaux de restructuration de la vigne vont voir le jour pour faire de Branda la r\u00e9f\u00e9rence de Puisseguin et l&rsquo;un des vins les plus en vue des satellites de Saint Emilion.<\/p>\n\n\t\t<\/div>\n\t<\/div>\n<div class=\"gg-horizontal-list \"><p class=\"subtitle\"><\/p><dl class=\"horizontal\">\n\t<dt >Superficie<\/dt>\n\t<dd >19 ha 39 a<\/dd>\n\t<dt >Type de sol<\/dt>\n\t<dd >Argilo-calcaire<\/dd>\n\t<dt >C\u00e9pages<\/dt>\n\t<dd >Merlot 65%, Cabernet Franc 20%, Cabernet Sauvignon 15%<\/dd>\n\t<dt >Notes<\/dt>\n\t<dd >Vendanges Manuelles &amp; M\u00e9caniques<\/dd><\/dl><\/div><\/div><\/div><\/div><div class=\"wpb_column vc_column_container vc_col-sm-2\"><div class=\"vc_column-inner\"><div class=\"wpb_wrapper\"><\/div><\/div><\/div><\/div><div data-vc-full-width=\"true\" data-vc-full-width-temp=\"true\" data-vc-full-width-init=\"false\" class=\"vc_row wpb_row vc_row-fluid vc_custom_1469108420952 vc_row-has-fill\"><div class=\"wpb_column vc_column_container vc_col-sm-12\"><div class=\"vc_column-inner\"><div class=\"wpb_wrapper\"><div class=\"vc_row wpb_row vc_inner vc_row-fluid vc_column-gap-30\"><div class=\"wpb_column vc_column_container vc_col-sm-6 vc_col-lg-offset-0 vc_col-lg-4 vc_col-md-offset-0 vc_col-md-4 vc_col-sm-offset-3 vc_col-has-fill\"><div class=\"vc_column-inner vc_custom_1460628751680\"><div class=\"wpb_wrapper\"><div class=\"vc_icon_element vc_icon_element-outer vc_do_icon vc_icon_element-align-left\"><div class=\"vc_icon_element-inner vc_icon_element-color-white vc_icon_element-size-md vc_icon_element-style- vc_icon_element-background-color-grey\" ><span class=\"vc_icon_element-icon vc-oi vc-oi-layers-alt\" ><\/span><\/div><\/div>\n\t<div class=\"wpb_text_column wpb_content_element\" >\n\t\t<div class=\"wpb_wrapper\">\n\t\t\t<h2>Terroir<\/h2>\n<p>Exceptionnel : Sols rocailleux, silex noirs et blonds o\u00f9 dominent le calcaire et les graves analogues aux plateaux, c\u00f4tes et pieds de c\u00f4tes du Saint-Emilionnais.<\/p>\n\n\t\t<\/div>\n\t<\/div>\n<\/div><\/div><\/div><div class=\"wpb_column vc_column_container vc_col-sm-6 vc_col-lg-offset-0 vc_col-lg-4 vc_col-md-offset-0 vc_col-md-4 vc_col-sm-offset-3 vc_col-has-fill\"><div class=\"vc_column-inner vc_custom_1460628787670\"><div class=\"wpb_wrapper\"><div class=\"vc_icon_element vc_icon_element-outer vc_do_icon vc_icon_element-align-left\"><div class=\"vc_icon_element-inner vc_icon_element-color-custom vc_icon_element-size-md vc_icon_element-style- vc_icon_element-background-color-grey\" ><span class=\"vc_icon_element-icon vc-oi vc-oi-cloud\" style=\"color:#b0976d !important\"><\/span><\/div><\/div>\n\t<div class=\"wpb_text_column wpb_content_element\" >\n\t\t<div class=\"wpb_wrapper\">\n\t\t\t<h2>Climat<\/h2>\n<p>Proche de l\u2019Oc\u00e9an Atlantique, Branda profite de conditions id\u00e9ales : climat temp\u00e9r\u00e9 oc\u00e9anique doux et humide doubl\u00e9 d&rsquo;une influence continentale.<\/p>\n\n\t\t<\/div>\n\t<\/div>\n<\/div><\/div><\/div><div class=\"wpb_column vc_column_container vc_col-sm-6 vc_col-lg-offset-0 vc_col-lg-4 vc_col-md-offset-0 vc_col-md-4 vc_col-sm-offset-3 vc_col-has-fill\"><div class=\"vc_column-inner vc_custom_1460628881427\"><div class=\"wpb_wrapper\"><div class=\"vc_icon_element vc_icon_element-outer vc_do_icon vc_icon_element-align-left\"><div class=\"vc_icon_element-inner vc_icon_element-color-white vc_icon_element-size-md vc_icon_element-style- vc_icon_element-background-color-grey\" ><span class=\"vc_icon_element-icon vc-oi vc-oi-share\" ><\/span><\/div><\/div>\n\t<div class=\"wpb_text_column wpb_content_element\" >\n\t\t<div class=\"wpb_wrapper\">\n\t\t\t<h2>C\u00e9pages<\/h2>\n<p>Les vari\u00e9t\u00e9s amp\u00e9lographiques pr\u00e9sentes \u00e0 Branda sont pleinement repr\u00e9sentatives des Grands Vins du Saint-Emilionnais : Merlot, Cabernet Franc &amp; Cabernet Sauvignon.<\/p>\n\n\t\t<\/div>\n\t<\/div>\n<\/div><\/div><\/div><\/div><div class=\"vc_row wpb_row vc_inner vc_row-fluid vc_column-gap-30\"><div class=\"wpb_column vc_column_container vc_col-sm-6 vc_col-lg-offset-0 vc_col-lg-4 vc_col-md-offset-0 vc_col-md-4 vc_col-sm-offset-3 vc_col-has-fill\"><div class=\"vc_column-inner vc_custom_1460628891183\"><div class=\"wpb_wrapper\"><div class=\"vc_icon_element vc_icon_element-outer vc_do_icon vc_icon_element-align-left\"><div class=\"vc_icon_element-inner vc_icon_element-color-custom vc_icon_element-size-md vc_icon_element-style- vc_icon_element-background-color-grey\" ><span class=\"vc_icon_element-icon vc-oi vc-oi-sun\" style=\"color:#b0976d !important\"><\/span><\/div><\/div>\n\t<div class=\"wpb_text_column wpb_content_element\" >\n\t\t<div class=\"wpb_wrapper\">\n\t\t\t<h2>Ensoleillement<\/h2>\n<p>Les temp\u00e9ratures mensuelles moyennes sont douces et relativement constantes tout au long de l\u2019ann\u00e9e et l\u2019ensoleillement est d&rsquo;environ 1 250 heures entre avril et septembre.<\/p>\n\n\t\t<\/div>\n\t<\/div>\n<\/div><\/div><\/div><div class=\"wpb_column vc_column_container vc_col-sm-6 vc_col-lg-offset-0 vc_col-lg-4 vc_col-md-offset-0 vc_col-md-4 vc_col-sm-offset-3 vc_col-has-fill\"><div class=\"vc_column-inner vc_custom_1460628903037\"><div class=\"wpb_wrapper\"><div class=\"vc_icon_element vc_icon_element-outer vc_do_icon vc_icon_element-align-left\"><div class=\"vc_icon_element-inner vc_icon_element-color-white vc_icon_element-size-md vc_icon_element-style- vc_icon_element-background-color-grey\" ><span class=\"vc_icon_element-icon vc-oi vc-oi-cd\" ><\/span><\/div><\/div>\n\t<div class=\"wpb_text_column wpb_content_element\" >\n\t\t<div class=\"wpb_wrapper\">\n\t\t\t<h2>Vignoble<\/h2>\n<p>Branda peut s\u2019enorgueillir de faire partie de la \u201c<strong>colline aux mille ch\u00e2teaux<\/strong>\u201d ! En effet, notre vignoble est r\u00e9parti sur\u00a0des plateaux, des c\u00f4tes et des pieds de c\u00f4tes du Saint-Emilionnais .<\/p>\n\n\t\t<\/div>\n\t<\/div>\n<\/div><\/div><\/div><div class=\"wpb_column vc_column_container vc_col-sm-6 vc_col-lg-offset-0 vc_col-lg-4 vc_col-md-offset-0 vc_col-md-4 vc_col-sm-offset-3 vc_col-has-fill\"><div class=\"vc_column-inner vc_custom_1460628914502\"><div class=\"wpb_wrapper\"><div class=\"vc_icon_element vc_icon_element-outer vc_do_icon vc_icon_element-align-left\"><div class=\"vc_icon_element-inner vc_icon_element-color-custom vc_icon_element-size-md vc_icon_element-style- vc_icon_element-background-color-grey\" ><span class=\"vc_icon_element-icon vc-oi vc-oi-calendar-alt\" style=\"color:#b0976d !important\"><\/span><\/div><\/div>\n\t<div class=\"wpb_text_column wpb_content_element\" >\n\t\t<div class=\"wpb_wrapper\">\n\t\t\t<h2>Vinitification<\/h2>\n<p>Traditionnelle en cuves inox thermo-r\u00e9gul\u00e9es. Ecoulage \u00e0 chaud en barriques neuves pour y faire sa fermentation malolactique puis un \u00e9levage suivi et ma\u00eetris\u00e9<\/p>\n\n\t\t<\/div>\n\t<\/div>\n<\/div><\/div><\/div><\/div><\/div><\/div><\/div><\/div><div class=\"vc_row-full-width vc_clearfix\"><\/div><div class=\"vc_row wpb_row vc_row-fluid\"><div class=\"wpb_column vc_column_container vc_col-sm-12 vc_col-lg-4 vc_col-md-4\"><div class=\"vc_column-inner\"><div class=\"wpb_wrapper\">\n\t<div class=\"title-subtitle-box \" style=\" text-align: left;\">\n\t\t<p style=\"\">Ch\u00e2teau Branda<\/p>\n\t\t<h1 style=\" font-weight: normal;\" >Localisation des parcelles<\/h1>\n\t<\/div> <\/div><\/div><\/div><div class=\"wpb_column vc_column_container vc_col-sm-6 vc_col-lg-4 vc_col-md-4\"><div class=\"vc_column-inner\"><div class=\"wpb_wrapper\">\n\t<div  class=\"wpb_single_image wpb_content_element vc_align_center wpb_content_element\">\n\t\t\n\t\t<figure class=\"wpb_wrapper vc_figure\">\n\t\t\t<div class=\"vc_single_image-wrapper   vc_box_border_grey\"><img decoding=\"async\" class=\"vc_single_image-img \" src=\"https:\/\/chateaubranda.com\/wp-content\/uploads\/2016\/03\/localiser-chateau-branda-puisseguin-gironde-france-195x241.png\" width=\"195\" height=\"241\" alt=\"localiser-chateau-branda-puisseguin-gironde-france\" title=\"localiser-chateau-branda-puisseguin-gironde-france\" loading=\"lazy\" \/><\/div>\n\t\t<\/figure>\n\t<\/div>\n<\/div><\/div><\/div><div class=\"wpb_column vc_column_container vc_col-sm-6 vc_col-lg-4 vc_col-md-4\"><div class=\"vc_column-inner\"><div class=\"wpb_wrapper\">\n\t<div class=\"wpb_text_column wpb_content_element\" >\n\t\t<div class=\"wpb_wrapper\">\n\t\t\t<p>Henri Enjalbert :\u00a0 \u00ab\u00a0Pour la vigne, seuls constituent de bons terroirs les formations argilo-sableuses rouges, peu \u00e9paisses sur calcaire. Sur ces terroirs la vigne produit moins et fait des grands vins\u00a0\u00bb. Branda fait partie de ces terroirs d\u2019exception.<\/p>\n\n\t\t<\/div>\n\t<\/div>\n<\/div><\/div><\/div><\/div><div data-vc-full-width=\"true\" data-vc-full-width-temp=\"true\" data-vc-full-width-init=\"false\" data-vc-stretch-content=\"true\" data-vc-parallax-image=\"https:\/\/www.youtube.com\/watch?v=IBcXcofSsRw&amp;feature=youtu.be\" data-vc-video-bg=\"https:\/\/www.youtube.com\/watch?v=IBcXcofSsRw&amp;feature=youtu.be\" class=\"vc_row wpb_row vc_row-fluid vc_row-has-fill vc_row-no-padding vc_row-o-full-height vc_row-o-columns-middle vc_row-o-content-middle vc_row-flex vc_video-bg-container\"><div class=\"wpb_column vc_column_container vc_col-sm-12\"><div class=\"vc_column-inner\"><div class=\"wpb_wrapper\"><div class=\"vc_icon_element vc_icon_element-outer vc_do_icon vc_icon_element-align-center\"><div class=\"vc_icon_element-inner vc_icon_element-color-custom vc_icon_element-size-lg vc_icon_element-style- vc_icon_element-background-color-grey\" ><span class=\"vc_icon_element-icon fa fa-play-circle-o\" style=\"color:#b0976d !important\"><\/span><a class=\"vc_icon_element-link\" href=\"https:\/\/www.youtube.com\/watch?v=mkp6m9NSt9M\"  title=\"\" target=\"_blank\"><\/a><\/div><\/div>\n\t<div class=\"title-subtitle-box \" style=\" text-align: center;\">\n\t\t<p style=\"\">Regardez (ou cliquez sur la fl\u00e8che pour HD &amp; Musique)<\/p>\n\t\t<h1 style=\" color:#ffffff;  font-weight: normal;\" >Aper\u00e7u de la propri\u00e9t\u00e9<\/h1>\n\t<\/div> <\/div><\/div><\/div><\/div><div class=\"vc_row-full-width vc_clearfix\"><\/div><div data-vc-full-width=\"true\" data-vc-full-width-temp=\"true\" data-vc-full-width-init=\"false\" class=\"vc_row wpb_row vc_row-fluid vc_custom_1460629297580 vc_row-has-fill\"><div class=\"wpb_column vc_column_container vc_col-sm-12 vc_col-lg-offset-2 vc_col-lg-8 vc_col-md-offset-2 vc_col-md-8\"><div class=\"vc_column-inner\"><div class=\"wpb_wrapper\">\n\t<div class=\"title-subtitle-box \" style=\" margin-bottom:90px; text-align: center;\">\n\t\t<p style=\"\">ADRESSE<\/p>\n\t\t<h1 style=\" font-weight: normal;\" >5, rue du Brandat, 33570 Puisseguin, France<\/h1>\n\t<\/div> <div class=\"vc_btn3-container vc_btn3-center vc_do_btn\" ><a style=\"background-color:#b0976d; color:#ffffff;\" class=\"vc_general vc_btn3 vc_btn3-size-md vc_btn3-shape-square vc_btn3-style-custom\" href=\"https:\/\/chateaubranda.com\/formulaire_contact\/\" title=\"Contact\">Contact<\/a><\/div><\/div><\/div><\/div><\/div><div class=\"vc_row-full-width vc_clearfix\"><\/div>\n<\/div>","protected":false},"excerpt":{"rendered":"L'histoire de Ch\u00e2teau Branda Le nom de Puisseguin vient d'un compagnon de Charlemagne, le seigneur de Seguin qui vers 800 vient s'installer sur ces lieux de collines appel\u00e9es Puy. Le<br class=\"read-more-spacer\"> <a class=\"more-link\" href=\"https:\/\/chateaubranda.com\/en\/le-domaine\/\">Read More<\/a>","protected":false},"author":37,"featured_media":0,"parent":0,"menu_order":0,"comment_status":"closed","ping_status":"closed","template":"","meta":{"om_disable_all_campaigns":false,"_monsterinsights_skip_tracking":false,"_monsterinsights_sitenote_active":false,"_monsterinsights_sitenote_note":"","_monsterinsights_sitenote_category":0,"_uf_show_specific_survey":0,"_uf_disable_surveys":false,"footnotes":""},"class_list":["post-448","page","type-page","status-publish","hentry"],"aioseo_notices":[],"_links":{"self":[{"href":"https:\/\/chateaubranda.com\/en\/wp-json\/wp\/v2\/pages\/448","targetHints":{"allow":["GET"]}}],"collection":[{"href":"https:\/\/chateaubranda.com\/en\/wp-json\/wp\/v2\/pages"}],"about":[{"href":"https:\/\/chateaubranda.com\/en\/wp-json\/wp\/v2\/types\/page"}],"author":[{"embeddable":true,"href":"https:\/\/chateaubranda.com\/en\/wp-json\/wp\/v2\/users\/37"}],"replies":[{"embeddable":true,"href":"https:\/\/chateaubranda.com\/en\/wp-json\/wp\/v2\/comments?post=448"}],"version-history":[{"count":27,"href":"https:\/\/chateaubranda.com\/en\/wp-json\/wp\/v2\/pages\/448\/revisions"}],"predecessor-version":[{"id":2269,"href":"https:\/\/chateaubranda.com\/en\/wp-json\/wp\/v2\/pages\/448\/revisions\/2269"}],"wp:attachment":[{"href":"https:\/\/chateaubranda.com\/en\/wp-json\/wp\/v2\/media?parent=448"}],"curies":[{"name":"wp","href":"https:\/\/api.w.org\/{rel}","templated":true}]}}