{"id":375,"date":"2016-03-18T14:14:52","date_gmt":"2016-03-18T14:14:52","guid":{"rendered":"http:\/\/okthemes.com\/villenoirdemo\/?page_id=375"},"modified":"2017-11-08T18:57:28","modified_gmt":"2017-11-08T17:57:28","slug":"nos-vins","status":"publish","type":"page","link":"https:\/\/chateaubranda.com\/en\/nos-vins\/","title":{"rendered":"Our wines"},"content":{"rendered":"<div class=\"wpb-content-wrapper\"><div data-vc-full-width=\"true\" data-vc-full-width-temp=\"true\" data-vc-full-width-init=\"false\" class=\"vc_row wpb_row vc_row-fluid vc_custom_1458476549041 vc_row-has-fill vc_row-o-equal-height vc_row-o-content-middle vc_row-flex\"><div class=\"wpb_column vc_column_container vc_col-sm-7 vc_col-lg-8 vc_col-md-8\"><div class=\"vc_column-inner\"><div class=\"wpb_wrapper\">\n\t<div  class=\"wpb_single_image wpb_content_element vc_align_left wpb_content_element\">\n\t\t\n\t\t<figure class=\"wpb_wrapper vc_figure\">\n\t\t\t<div class=\"vc_single_image-wrapper   vc_box_border_grey\"><img loading=\"lazy\" decoding=\"async\" width=\"800\" height=\"197\" src=\"https:\/\/chateaubranda.com\/wp-content\/uploads\/2016\/03\/small-chateau-branda-2014-puisseguin-saint-emilion-horizontal.png\" class=\"vc_single_image-img attachment-full\" alt=\"\" title=\"small-chateau-branda-2014-puisseguin-saint-emilion-horizontal\" srcset=\"https:\/\/chateaubranda.com\/wp-content\/uploads\/2016\/03\/small-chateau-branda-2014-puisseguin-saint-emilion-horizontal.png 800w, https:\/\/chateaubranda.com\/wp-content\/uploads\/2016\/03\/small-chateau-branda-2014-puisseguin-saint-emilion-horizontal-300x74.png 300w, https:\/\/chateaubranda.com\/wp-content\/uploads\/2016\/03\/small-chateau-branda-2014-puisseguin-saint-emilion-horizontal-768x189.png 768w\" sizes=\"auto, (max-width: 800px) 100vw, 800px\" \/><\/div>\n\t\t<\/figure>\n\t<\/div>\n<div class=\"vc_row wpb_row vc_inner vc_row-fluid\"><div class=\"wpb_column vc_column_container vc_col-sm-4\"><div class=\"vc_column-inner\"><div class=\"wpb_wrapper\">\n\t<div class=\"counter-holder media  \" style=\"text-align:center;   \">\n\t\t\t<div class=\"counter-content media-body\">\n\t\t\t\t<span style=\" font-size:60px;\" class=\"counter\" data-number=\"3\" data-interval=\"100\" data-speed=\"1500\">3<\/span>\n\t\t\t\t<p >C\u00e9pages<\/p>\n\t\t\t<\/div>\n\t<\/div> <\/div><\/div><\/div><div class=\"wpb_column vc_column_container vc_col-sm-4\"><div class=\"vc_column-inner\"><div class=\"wpb_wrapper\">\n\t<div class=\"counter-holder media  \" style=\"text-align:center;   \">\n\t\t\t<div class=\"counter-content media-body\">\n\t\t\t\t<span style=\" font-size:60px;\" class=\"counter\" data-number=\"162\" data-interval=\"100\" data-speed=\"1500\">162<\/span>\n\t\t\t\t<p >Mill\u00e9simes produits<\/p>\n\t\t\t<\/div>\n\t<\/div> <\/div><\/div><\/div><div class=\"wpb_column vc_column_container vc_col-sm-4\"><div class=\"vc_column-inner\"><div class=\"wpb_wrapper\">\n\t<div class=\"counter-holder media  \" style=\"text-align:center;   \">\n\t\t\t<div class=\"counter-content media-body\">\n\t\t\t\t<span style=\" font-size:60px;\" class=\"counter\" data-number=\"78\" data-interval=\"100\" data-speed=\"1500\">78<\/span>\n\t\t\t\t<p >R\u00e9compenses<\/p>\n\t\t\t<\/div>\n\t<\/div> <\/div><\/div><\/div><\/div><\/div><\/div><\/div><div class=\"wpb_column vc_column_container vc_col-sm-5 vc_col-lg-4 vc_col-md-4 vc_col-has-fill\"><div class=\"vc_column-inner vc_custom_1460371798588\"><div class=\"wpb_wrapper\">\n\t<div class=\"title-subtitle-box \" style=\" text-align: left;\">\n\t\t<p style=\"\">C\u00e9pages<\/p>\n\t\t<h2 style=\" font-weight: normal;\" >Ch\u00e2teau Branda<\/h2>\n\t<\/div> \n\t<div class=\"gg_list list_style_line  \">\n<ul>\n<li>Merlot<\/li>\n<li>Cabernet francs<\/li>\n<li>Cabernet Sauvignon<\/li>\n<\/ul>\n<\/div><div class=\"vc_btn3-container vc_btn3-inline vc_custom_1496000931665 vc_do_btn\" ><a style=\"background-color:#000000; color:#ffffff;\" class=\"vc_general vc_btn3 vc_btn3-size-md vc_btn3-shape-square vc_btn3-style-custom\" href=\"https:\/\/chateaubranda.com\/produit\/chateau-branda_puisseguin-saint-emilion_millesime-2014-bouteille-0-75l\/\" title=\"\">Ajouter au panier<\/a><\/div><\/div><\/div><\/div><\/div><div class=\"vc_row-full-width vc_clearfix\"><\/div><div data-vc-full-width=\"true\" data-vc-full-width-temp=\"true\" data-vc-full-width-init=\"false\" class=\"vc_row wpb_row vc_row-fluid vc_custom_1458476498163 vc_row-has-fill vc_row-o-equal-height vc_row-o-content-middle vc_row-flex\"><div class=\"wpb_column vc_column_container vc_col-sm-4 vc_col-has-fill\"><div class=\"vc_column-inner vc_custom_1460371824474\"><div class=\"wpb_wrapper\">\n\t<div class=\"title-subtitle-box \" style=\" text-align: left;\">\n\t\t<p style=\"\">C\u00e9pages<\/p>\n\t\t<h2 style=\" font-weight: normal;\" >Tour des Agasseaux<\/h2>\n\t<\/div> \n\t<div class=\"gg_list list_style_line  \">\n<ul>\n<li>Cabernet Sauvignon<\/li>\n<li>Merlot<\/li>\n<\/ul>\n<\/div><div class=\"vc_btn3-container vc_btn3-inline vc_custom_1510163338868 vc_do_btn\" ><a style=\"background-color:#000000; color:#ffffff;\" class=\"vc_general vc_btn3 vc_btn3-size-md vc_btn3-shape-square vc_btn3-style-custom\" href=\"https:\/\/chateaubranda.com\/oups-cette-page-nexiste-plus\/\" title=\"\">Victime de son succ\u00e8s !<\/a><\/div><\/div><\/div><\/div><div class=\"wpb_column vc_column_container vc_col-sm-8\"><div class=\"vc_column-inner\"><div class=\"wpb_wrapper\">\n\t<div  class=\"wpb_single_image wpb_content_element vc_align_right wpb_content_element\">\n\t\t\n\t\t<figure class=\"wpb_wrapper vc_figure\">\n\t\t\t<div class=\"vc_single_image-wrapper   vc_box_border_grey\"><img loading=\"lazy\" decoding=\"async\" width=\"1024\" height=\"305\" src=\"https:\/\/chateaubranda.com\/wp-content\/uploads\/2016\/03\/tour-eds-agasseaux-2011-horizontal-vin-rouge-lussac-1024x305-1.png\" class=\"vc_single_image-img attachment-full\" alt=\"\" title=\"tour-des-agasseaux-2011-horizontal-vin-rouge-lussac-1024x305\" srcset=\"https:\/\/chateaubranda.com\/wp-content\/uploads\/2016\/03\/tour-eds-agasseaux-2011-horizontal-vin-rouge-lussac-1024x305-1.png 1024w, https:\/\/chateaubranda.com\/wp-content\/uploads\/2016\/03\/tour-eds-agasseaux-2011-horizontal-vin-rouge-lussac-1024x305-1-300x89.png 300w, https:\/\/chateaubranda.com\/wp-content\/uploads\/2016\/03\/tour-eds-agasseaux-2011-horizontal-vin-rouge-lussac-1024x305-1-768x229.png 768w\" sizes=\"auto, (max-width: 1024px) 100vw, 1024px\" \/><\/div>\n\t\t<\/figure>\n\t<\/div>\n<div class=\"vc_row wpb_row vc_inner vc_row-fluid\"><div class=\"wpb_column vc_column_container vc_col-sm-4\"><div class=\"vc_column-inner\"><div class=\"wpb_wrapper\">\n\t<div class=\"counter-holder media  \" style=\"text-align:center;   \">\n\t\t\t<div class=\"counter-content media-body\">\n\t\t\t\t<span style=\" font-size:60px;\" class=\"counter\" data-number=\"3\" data-interval=\"100\" data-speed=\"1500\">3<\/span>\n\t\t\t\t<p >C\u00e9pages<\/p>\n\t\t\t<\/div>\n\t<\/div> <\/div><\/div><\/div><div class=\"wpb_column vc_column_container vc_col-sm-4\"><div class=\"vc_column-inner\"><div class=\"wpb_wrapper\">\n\t<div class=\"counter-holder media  \" style=\"text-align:center;   \">\n\t\t\t<div class=\"counter-content media-body\">\n\t\t\t\t<span style=\" font-size:60px;\" class=\"counter\" data-number=\"25\" data-interval=\"100\" data-speed=\"1500\">25<\/span>\n\t\t\t\t<p >Mill\u00e9simes produits<\/p>\n\t\t\t<\/div>\n\t<\/div> <\/div><\/div><\/div><div class=\"wpb_column vc_column_container vc_col-sm-4\"><div class=\"vc_column-inner\"><div class=\"wpb_wrapper\">\n\t<div class=\"counter-holder media  \" style=\"text-align:center;   \">\n\t\t\t<div class=\"counter-content media-body\">\n\t\t\t\t<span style=\" font-size:60px;\" class=\"counter\" data-number=\"17\" data-interval=\"100\" data-speed=\"1500\">17<\/span>\n\t\t\t\t<p >R\u00e9compenses<\/p>\n\t\t\t<\/div>\n\t<\/div> <\/div><\/div><\/div><\/div><\/div><\/div><\/div><\/div><div class=\"vc_row-full-width vc_clearfix\"><\/div><div data-vc-full-width=\"true\" data-vc-full-width-temp=\"true\" data-vc-full-width-init=\"false\" class=\"vc_row wpb_row vc_row-fluid vc_custom_1458476549041 vc_row-has-fill vc_row-o-equal-height vc_row-o-content-middle vc_row-flex\"><div class=\"wpb_column vc_column_container vc_col-sm-7 vc_col-lg-8 vc_col-md-8\"><div class=\"vc_column-inner\"><div class=\"wpb_wrapper\">\n\t<div  class=\"wpb_single_image wpb_content_element vc_align_left wpb_content_element\">\n\t\t\n\t\t<figure class=\"wpb_wrapper vc_figure\">\n\t\t\t<div class=\"vc_single_image-wrapper   vc_box_border_grey\"><img loading=\"lazy\" decoding=\"async\" width=\"1024\" height=\"299\" src=\"https:\/\/chateaubranda.com\/wp-content\/uploads\/2016\/03\/vieux-chateau-chambeau-2012-horizontal-vin-rouge-lussac-1024x299-1.png\" class=\"vc_single_image-img attachment-full\" alt=\"\" title=\"vieux-chateau-chambeau-2012-horizontal-vin-rouge-lussac-1024x299\" srcset=\"https:\/\/chateaubranda.com\/wp-content\/uploads\/2016\/03\/vieux-chateau-chambeau-2012-horizontal-vin-rouge-lussac-1024x299-1.png 1024w, https:\/\/chateaubranda.com\/wp-content\/uploads\/2016\/03\/vieux-chateau-chambeau-2012-horizontal-vin-rouge-lussac-1024x299-1-300x88.png 300w, https:\/\/chateaubranda.com\/wp-content\/uploads\/2016\/03\/vieux-chateau-chambeau-2012-horizontal-vin-rouge-lussac-1024x299-1-768x224.png 768w\" sizes=\"auto, (max-width: 1024px) 100vw, 1024px\" \/><\/div>\n\t\t<\/figure>\n\t<\/div>\n<div class=\"vc_row wpb_row vc_inner vc_row-fluid\"><div class=\"wpb_column vc_column_container vc_col-sm-4\"><div class=\"vc_column-inner\"><div class=\"wpb_wrapper\">\n\t<div class=\"counter-holder media  \" style=\"text-align:center;   \">\n\t\t\t<div class=\"counter-content media-body\">\n\t\t\t\t<span style=\" font-size:60px;\" class=\"counter\" data-number=\"2\" data-interval=\"100\" data-speed=\"1500\">2<\/span>\n\t\t\t\t<p >C\u00e9pages<\/p>\n\t\t\t<\/div>\n\t<\/div> <\/div><\/div><\/div><div class=\"wpb_column vc_column_container vc_col-sm-4\"><div class=\"vc_column-inner\"><div class=\"wpb_wrapper\">\n\t<div class=\"counter-holder media  \" style=\"text-align:center;   \">\n\t\t\t<div class=\"counter-content media-body\">\n\t\t\t\t<span style=\" font-size:37px;\" class=\"counter\" data-number=\"35\" data-interval=\"100\" data-speed=\"1500\">35<\/span>\n\t\t\t\t<p >Mill\u00e9simes produits<\/p>\n\t\t\t<\/div>\n\t<\/div> <\/div><\/div><\/div><div class=\"wpb_column vc_column_container vc_col-sm-4\"><div class=\"vc_column-inner\"><div class=\"wpb_wrapper\">\n\t<div class=\"counter-holder media  \" style=\"text-align:center;   \">\n\t\t\t<div class=\"counter-content media-body\">\n\t\t\t\t<span style=\" font-size:60px;\" class=\"counter\" data-number=\"78\" data-interval=\"100\" data-speed=\"1500\">78<\/span>\n\t\t\t\t<p >R\u00e9compenses<\/p>\n\t\t\t<\/div>\n\t<\/div> <\/div><\/div><\/div><\/div><\/div><\/div><\/div><div class=\"wpb_column vc_column_container vc_col-sm-5 vc_col-lg-4 vc_col-md-4 vc_col-has-fill\"><div class=\"vc_column-inner vc_custom_1460371798588\"><div class=\"wpb_wrapper\">\n\t<div class=\"title-subtitle-box \" style=\" text-align: left;\">\n\t\t<p style=\"\">C\u00e9pages<\/p>\n\t\t<h2 style=\" font-weight: normal;\" >Vieux Ch\u00e2teau Chambeau<\/h2>\n\t<\/div> \n\t<div class=\"gg_list list_style_line  \">\n<ul>\n<li>Merlot<\/li>\n<li>Cabernet Sauvignon<\/li>\n<\/ul>\n<\/div><div class=\"vc_btn3-container vc_btn3-inline vc_custom_1510163282063 vc_do_btn\" ><a style=\"background-color:#000000; color:#ffffff;\" class=\"vc_general vc_btn3 vc_btn3-size-md vc_btn3-shape-square vc_btn3-style-custom\" href=\"https:\/\/chateaubranda.com\/produit\/vieux-chateau-chambeau-lussac-saint-emilion\/\" title=\"\">Ajouter au panier<\/a><\/div><\/div><\/div><\/div><\/div><div class=\"vc_row-full-width vc_clearfix\"><\/div><div class=\"vc_row wpb_row vc_row-fluid\"><div class=\"wpb_column vc_column_container vc_col-sm-10\"><div class=\"vc_column-inner\"><div class=\"wpb_wrapper\"><div class=\"vc_row wpb_row vc_inner vc_row-fluid\"><div class=\"wpb_column vc_column_container vc_col-sm-12\"><div class=\"vc_column-inner\"><div class=\"wpb_wrapper\">\n\t<div class=\"title-subtitle-box \" style=\" text-align: center;\">\n\t\t<p style=\"\">Depuis 1978...<\/p>\n\t\t<h1 style=\" font-weight: normal;\" >Nous vous proposons ici un \u00e9chantillon des r\u00e9compenses obtenues par nos trois vins. Notre force est notre constance et notre r\u00e9gularit\u00e9.<\/h1>\n\t<\/div> <\/div><\/div><\/div><\/div><div class=\"vc_row wpb_row vc_inner vc_row-fluid\"><div class=\"wpb_column vc_column_container vc_col-sm-12\"><div class=\"vc_column-inner\"><div class=\"wpb_wrapper\"><div class=\"wpb_images_carousel wpb_content_element vc_clearfix wpb_content_element\"><div class=\"wpb_wrapper\"><h2 class=\"wpb_heading wpb_gallery_heading\">Nos derni\u00e8res r\u00e9compenses...<\/h2><div id=\"vc_images-carousel-1-1776167875\" data-ride=\"vc_carousel\" data-wrap=\"false\" style=\"width: 150px;\" data-interval=\"0\" data-auto-height=\"yes\" data-mode=\"horizontal\" data-partial=\"false\" data-per-view=\"1\" data-hide-on-end=\"true\" class=\"vc_slide vc_images_carousel\"><ol class=\"vc_carousel-indicators\"><li data-target=\"#vc_images-carousel-1-1776167875\" data-slide-to=\"0\"><\/li><li data-target=\"#vc_images-carousel-1-1776167875\" data-slide-to=\"1\"><\/li><li data-target=\"#vc_images-carousel-1-1776167875\" data-slide-to=\"2\"><\/li><li data-target=\"#vc_images-carousel-1-1776167875\" data-slide-to=\"3\"><\/li><li data-target=\"#vc_images-carousel-1-1776167875\" data-slide-to=\"4\"><\/li><\/ol><div class=\"vc_carousel-inner\"><div class=\"vc_carousel-slideline\"><div class=\"vc_carousel-slideline-inner\"><div class=\"vc_item\"><div class=\"vc_inner\"><a class=\"\" href=\"https:\/\/chateaubranda.com\/wp-content\/uploads\/2016\/03\/branda-vcc-recompenses-1024x496.jpg\" data-lightbox=\"lightbox[rel-375-1376118385]\"><img loading=\"lazy\" decoding=\"async\" width=\"150\" height=\"150\" src=\"https:\/\/chateaubranda.com\/wp-content\/uploads\/2016\/03\/branda-vcc-recompenses-150x150.jpg\" class=\"attachment-thumbnail\" alt=\"\" title=\"branda-vcc-recompenses\" srcset=\"https:\/\/chateaubranda.com\/wp-content\/uploads\/2016\/03\/branda-vcc-recompenses-150x150.jpg 150w, https:\/\/chateaubranda.com\/wp-content\/uploads\/2016\/03\/branda-vcc-recompenses-140x140.jpg 140w\" sizes=\"auto, (max-width: 150px) 100vw, 150px\" \/><\/a><\/div><\/div><div class=\"vc_item\"><div class=\"vc_inner\"><a class=\"\" href=\"\" data-lightbox=\"lightbox[rel-375-1376118385]\"><\/a><\/div><\/div><div class=\"vc_item\"><div class=\"vc_inner\"><a class=\"\" href=\"\" data-lightbox=\"lightbox[rel-375-1376118385]\"><\/a><\/div><\/div><div class=\"vc_item\"><div class=\"vc_inner\"><a class=\"\" href=\"https:\/\/chateaubranda.com\/wp-content\/uploads\/2016\/03\/argent-usa-page-001-1024x722.jpg\" data-lightbox=\"lightbox[rel-375-1376118385]\"><img loading=\"lazy\" decoding=\"async\" width=\"150\" height=\"150\" src=\"https:\/\/chateaubranda.com\/wp-content\/uploads\/2016\/03\/argent-usa-page-001-150x150.jpg\" class=\"attachment-thumbnail\" alt=\"\" title=\"argent usa-page-001\" srcset=\"https:\/\/chateaubranda.com\/wp-content\/uploads\/2016\/03\/argent-usa-page-001-150x150.jpg 150w, https:\/\/chateaubranda.com\/wp-content\/uploads\/2016\/03\/argent-usa-page-001-140x140.jpg 140w\" sizes=\"auto, (max-width: 150px) 100vw, 150px\" \/><\/a><\/div><\/div><div class=\"vc_item\"><div class=\"vc_inner\"><a class=\"\" href=\"https:\/\/chateaubranda.com\/wp-content\/uploads\/2016\/03\/argent-usa-vcc-vieux-chateau-chambeau-1024x722.jpg\" data-lightbox=\"lightbox[rel-375-1376118385]\"><img loading=\"lazy\" decoding=\"async\" width=\"150\" height=\"150\" src=\"https:\/\/chateaubranda.com\/wp-content\/uploads\/2016\/03\/argent-usa-vcc-vieux-chateau-chambeau-150x150.jpg\" class=\"attachment-thumbnail\" alt=\"\" title=\"argent-usa-vcc-vieux-chateau-chambeau\" srcset=\"https:\/\/chateaubranda.com\/wp-content\/uploads\/2016\/03\/argent-usa-vcc-vieux-chateau-chambeau-150x150.jpg 150w, https:\/\/chateaubranda.com\/wp-content\/uploads\/2016\/03\/argent-usa-vcc-vieux-chateau-chambeau-140x140.jpg 140w\" sizes=\"auto, (max-width: 150px) 100vw, 150px\" \/><\/a><\/div><\/div><\/div><\/div><\/div><a class=\"vc_left vc_carousel-control\" href=\"#vc_images-carousel-1-1776167875\" data-slide=\"prev\"><span class=\"icon-prev\"><\/span><\/a><a class=\"vc_right vc_carousel-control\" href=\"#vc_images-carousel-1-1776167875\" data-slide=\"next\"><span class=\"icon-next\"><\/span><\/a><\/div><\/div><\/div><\/div><\/div><\/div><\/div>\n\t<div class=\"wpb_text_column wpb_content_element\" >\n\t\t<div class=\"wpb_wrapper\">\n\t\t\t<p>Encore un peu de patience&#8230;<\/p>\n\n\t\t<\/div>\n\t<\/div>\n\n\t<div class=\"wpb_text_column wpb_content_element\" >\n\t\t<div class=\"wpb_wrapper\">\n\t\t\t<p>Oui, un tout petit peu de patience&#8230;<\/p>\n\n\t\t<\/div>\n\t<\/div>\n<div class=\"vc_row wpb_row vc_inner vc_row-fluid\"><div class=\"wpb_column vc_column_container vc_col-sm-2\"><div class=\"vc_column-inner\"><div class=\"wpb_wrapper\"><\/div><\/div><\/div><div class=\"wpb_column vc_column_container vc_col-sm-4\"><div class=\"vc_column-inner\"><div class=\"wpb_wrapper\">\n\t<div class=\"featured-image-box  text-align-left\">\n\t\t<figure class=\" default\">\n\t\t\t <img decoding=\"async\" class=\"wp-post-image default\" src=\"https:\/\/chateaubranda.com\/wp-content\/uploads\/2016\/03\/vignoble-chateau-branda-puisseguin-lussac.jpg\" alt=\"\" \/> \n\t\t<figcaption>\n\t\t\t<h4>Vignoble<\/h4>\n\t\t\t<p><\/p>\n\t\t<\/figcaption>\n\t\t<\/figure>\n\t<\/div> \n\t<div class=\"featured-image-box  text-align-left\">\n\t\t<figure class=\" default\">\n\t\t\t <img decoding=\"async\" class=\"wp-post-image default\" src=\"https:\/\/chateaubranda.com\/wp-content\/uploads\/2016\/03\/elevage-chateau-branda-puisseguin-lussac.jpg\" alt=\"\" \/> \n\t\t<figcaption>\n\t\t\t<h4>\u00c9levage<\/h4>\n\t\t\t<p><\/p>\n\t\t<\/figcaption>\n\t\t<\/figure>\n\t<\/div> <\/div><\/div><\/div><div class=\"wpb_column vc_column_container vc_col-sm-4\"><div class=\"vc_column-inner\"><div class=\"wpb_wrapper\">\n\t<div class=\"featured-image-box  text-align-left\">\n\t\t<figure class=\" default\">\n\t\t\t <img decoding=\"async\" class=\"wp-post-image default\" src=\"https:\/\/chateaubranda.com\/wp-content\/uploads\/2016\/03\/vinitification-chateau-branda-puisseguin-lussac-table-de-trijpg.jpg\" alt=\"\" \/> \n\t\t<figcaption>\n\t\t\t<h4>Vinification<\/h4>\n\t\t\t<p><\/p>\n\t\t<\/figcaption>\n\t\t<\/figure>\n\t<\/div> \n\t<div class=\"featured-image-box  text-align-left\">\n\t\t<figure class=\" default\">\n\t\t\t <img decoding=\"async\" class=\"wp-post-image default\" src=\"https:\/\/chateaubranda.com\/wp-content\/uploads\/2016\/03\/assemblage-chateau-branda-puisseguin-lussac-cuvier.jpg\" alt=\"\" \/> \n\t\t<figcaption>\n\t\t\t<h4>Assemblage<\/h4>\n\t\t\t<p><\/p>\n\t\t<\/figcaption>\n\t\t<\/figure>\n\t<\/div> <\/div><\/div><\/div><div class=\"wpb_column vc_column_container vc_col-sm-2\"><div class=\"vc_column-inner\"><div class=\"wpb_wrapper\"><\/div><\/div><\/div><\/div><\/div><\/div><\/div><div class=\"wpb_column vc_column_container vc_col-sm-12\"><div class=\"vc_column-inner\"><div class=\"wpb_wrapper\"><\/div><\/div><\/div><div class=\"wpb_column vc_column_container vc_col-sm-12\"><div class=\"vc_column-inner\"><div class=\"wpb_wrapper\"><\/div><\/div><\/div><div class=\"wpb_column vc_column_container vc_col-sm-12\"><div class=\"vc_column-inner\"><div class=\"wpb_wrapper\"><\/div><\/div><\/div><div class=\"wpb_column vc_column_container vc_col-sm-12\"><div class=\"vc_column-inner\"><div class=\"wpb_wrapper\"><\/div><\/div><\/div><\/div><div data-vc-full-width=\"true\" data-vc-full-width-temp=\"true\" data-vc-full-width-init=\"false\" class=\"vc_row wpb_row vc_row-fluid vc_custom_1469108003527 vc_row-has-fill\"><div class=\"wpb_column vc_column_container vc_col-sm-12\"><div class=\"vc_column-inner\"><div class=\"wpb_wrapper\"><section class=\"vc_cta3-container vc_cta3-size-lg\"><div class=\"vc_general vc_do_cta3 vc_cta3 vc_cta3-style-custom vc_cta3-shape-square vc_cta3-align-center vc_cta3-icon-size-md vc_cta3-actions-bottom\" style=\"background-color:rgb(17,17,17);background-color:rgba(17,17,17,0.8);\"><div class=\"vc_cta3_content-container\"><div class=\"vc_cta3-content\"><header class=\"vc_cta3-content-header\"><h2 style=\"color:#ffffff;\">Le domaine<\/h2><h4 style=\"color:#ffffff;\">Et si vous faisiez un tour de la propri\u00e9t\u00e9 gr\u00e2ce \u00e0 quelques photographies partag\u00e9es avec vous...<\/h4><\/header><\/div><div class=\"vc_cta3-actions\"><div class=\"vc_btn3-container vc_btn3-center vc_do_btn\" ><a style=\"background-color:#b0976d; color:#ffffff;\" class=\"vc_general vc_btn3 vc_btn3-size-md vc_btn3-shape-square vc_btn3-style-custom\" href=\"https:\/\/chateaubranda.com\/galerie-videos\/\" title=\"\">La galerie<\/a><\/div><\/div><\/div><\/div><\/section><\/div><\/div><\/div><\/div><div class=\"vc_row-full-width vc_clearfix\"><\/div>\n<\/div>","protected":false},"excerpt":{"rendered":"3 C\u00e9pages 162 Mill\u00e9simes produits 78 R\u00e9compenses C\u00e9pages Ch\u00e2teau Branda Merlot Cabernet francs Cabernet Sauvignon Ajouter au panier C\u00e9pages Tour des Agasseaux Cabernet Sauvignon Merlot Victime de son succ\u00e8s !<br class=\"read-more-spacer\"> <a class=\"more-link\" href=\"https:\/\/chateaubranda.com\/en\/nos-vins\/\">Read More<\/a>","protected":false},"author":37,"featured_media":1192,"parent":0,"menu_order":0,"comment_status":"closed","ping_status":"closed","template":"","meta":{"om_disable_all_campaigns":false,"_monsterinsights_skip_tracking":false,"_monsterinsights_sitenote_active":false,"_monsterinsights_sitenote_note":"","_monsterinsights_sitenote_category":0,"_uf_show_specific_survey":0,"_uf_disable_surveys":false,"footnotes":""},"class_list":["post-375","page","type-page","status-publish","has-post-thumbnail","hentry"],"aioseo_notices":[],"_links":{"self":[{"href":"https:\/\/chateaubranda.com\/en\/wp-json\/wp\/v2\/pages\/375","targetHints":{"allow":["GET"]}}],"collection":[{"href":"https:\/\/chateaubranda.com\/en\/wp-json\/wp\/v2\/pages"}],"about":[{"href":"https:\/\/chateaubranda.com\/en\/wp-json\/wp\/v2\/types\/page"}],"author":[{"embeddable":true,"href":"https:\/\/chateaubranda.com\/en\/wp-json\/wp\/v2\/users\/37"}],"replies":[{"embeddable":true,"href":"https:\/\/chateaubranda.com\/en\/wp-json\/wp\/v2\/comments?post=375"}],"version-history":[{"count":21,"href":"https:\/\/chateaubranda.com\/en\/wp-json\/wp\/v2\/pages\/375\/revisions"}],"predecessor-version":[{"id":1193,"href":"https:\/\/chateaubranda.com\/en\/wp-json\/wp\/v2\/pages\/375\/revisions\/1193"}],"wp:featuredmedia":[{"embeddable":true,"href":"https:\/\/chateaubranda.com\/en\/wp-json\/wp\/v2\/media\/1192"}],"wp:attachment":[{"href":"https:\/\/chateaubranda.com\/en\/wp-json\/wp\/v2\/media?parent=375"}],"curies":[{"name":"wp","href":"https:\/\/api.w.org\/{rel}","templated":true}]}}