{"id":341,"date":"2016-03-15T14:31:38","date_gmt":"2016-03-15T14:31:38","guid":{"rendered":"http:\/\/okthemes.com\/villenoirdemo\/?page_id=341"},"modified":"2019-02-13T16:36:47","modified_gmt":"2019-02-13T15:36:47","slug":"notre-histoire","status":"publish","type":"page","link":"https:\/\/chateaubranda.com\/en\/notre-histoire\/","title":{"rendered":"Notre histoire"},"content":{"rendered":"<div class=\"wpb-content-wrapper\"><div data-vc-full-width=\"true\" data-vc-full-width-temp=\"true\" data-vc-full-width-init=\"false\" class=\"vc_row wpb_row vc_row-fluid gg-force-background-bottom vc_custom_1469107646994 vc_row-has-fill\"><div class=\"wpb_column vc_column_container vc_col-sm-6\"><div class=\"vc_column-inner\"><div class=\"wpb_wrapper\">\n\t<div class=\"wpb_text_column wpb_content_element\" >\n\t\t<div class=\"wpb_wrapper\">\n\t\t\t<h2>Tout a commenc\u00e9&#8230;<\/h2>\n<p>L&rsquo;anciennet\u00e9 viticole de Ch\u00e2teaux Branda &amp; Vieux Ch\u00e2teau Chambeau est d&rsquo;abord celle de la r\u00e9gion de Lussac et de Puisseguin o\u00f9 les surfaces en vignes se d\u00e9veloppent au XVII\u00e8me, on le sait par le r\u00f4le des imp\u00f4ts, et ceci pour deux raisons: parce que les vins sont de qualit\u00e9 et parce que la puissante Abbaye<br \/>\nde Faise, \u00e0 Lussac, qui est un centre religieux cistercien majeur fait cultiver la vigne, \u00e0 Chambeau notamment, et exp\u00e9die des tonneaux de vin rouge \u00e0 I&rsquo;Episcopat et \u00e0 la Cour, \u00e0 Paris. Les Abb\u00e9s successifs de Faise, Joseph puis Charles-Louis, respectivement l&rsquo;oncle et le fr\u00e8re du philosophe-viticulteur Henri de Montesquieu, vivent sur place et assurent la promotion des vins de Lussac. La carte de l&rsquo;ing\u00e9nieur Belleyme, \u00ab\u00a0relev\u00e9e\u00a0\u00bb en 1762, en montrant que les parcelles actuelles, dont les noms n&rsquo;ont pas chang\u00e9 depuis le XVIIeme, \u00e9taient d\u00e9j\u00e0 charg\u00e9es de vignes, atteste de l&rsquo;Histoire viticole des Ch\u00e2teaux Branda et Chambeau (2). Au XVIIPme, c&rsquo;est-\u00e0 dire \u00e0 l&rsquo;\u00e9poque du \u00abrelev\u00e9\u00bb de Belleyme, les Combret de La Nauze, natifs de Lussac, poss\u00e9daient, \u00e0 Saint-Emilion, Ch\u00e2teau Soutard, \u00e0 Puisseguin, le domaine des Laurets et une partie de l&rsquo;actuel Branda et, \u00e0 Lussac, le Ch\u00e2teau Cateau (l&rsquo;actuel vignoble de Vieux Ch\u00e2teau Chambeau) o\u00f9 la famille r\u00e9sidait.<\/p>\n<h2>Passion<\/h2>\n<p>Passionn\u00e9 d&rsquo;agriculture, le Sieur de Combret adh\u00e9rait aux doctrines agricoles de l&rsquo;Ecole Physiocrate : il proc\u00e9dait, sur ses vignobles de Saint-Emilion, de Lussac et de Puisseguin \u00e0 de nombreuses exp\u00e9rimentations, notamment en mati\u00e8re d&rsquo;enc\u00e9pagement. Il se lan\u00e7ait, l&rsquo;un des premiers en France, dans le remembrement, plantait, drainait s\u00e9lectionnait les meilleures parcelles de vignobles pour sortir des productions<br \/>\nde qualit\u00e9. Il fut l&rsquo;un des grands\u00a0\u00bb Pionniers viticoles\u00a0\u00bb de la qualit\u00e9, en Saint-Emilionnais.<br \/>\nAu XlX\u00e8me la plus grande partie des vignobles de Branda et de Chambeau appartiennent aux Comtes de la Rochette, qui poss\u00e8dent \u00e9galement le Ch\u00e2teau de Roques et le Ch\u00e2teau des Laurets.<br \/>\nEnfin, j&rsquo;observe sur le plan de la notori\u00e9t\u00e9 que dans son ouvrage monumental \u00ab\u00a0Etude des Vignobles de France\u00a0\u00bb le grand Jules Guyot, (3) apr\u00e8s sa tourn\u00e9e dans le Bordelais note, \u00e0 la page 503 de son tome premier, pour le vignoble de Puisseguin \u00ab\u00a0que l\u00e0 est \u00e9tabli la viticulture type que je recommande\u00a0\u00bb et parle plus loin \u00ab\u00a0des Vins fins de Pomerol et Puisseguin\u00a0\u00bb et \u00ab\u00a0des vignes fines de Pomerol et Puisseguin\u00a0\u00bb.<br \/>\nAu XIX\u00a0\u00bb les Robert, N\u00e9gociants \u00e0 Bordeaux, reconstituent sous le Second Empire le domaine sous les noms de Ch\u00e2teau Le Basque (Branda) et Ch\u00e2teau<br \/>\nChambeau. Leur descendante, Elisabeth, le c\u00e8de en 1978 aux Bonin. Le domaine est donc rest\u00e9 pendant plus d&rsquo;un si\u00e8cle dans la m\u00eame famille.<br \/>\nMon ami Guy Benjamin et ses partenaires, Yves Blanc et Arnaud Delaire, ont acquis le domaine 20 ans plus tard, en juin 1998.<br \/>\nC\u00e9d\u00e9 par un grand Groupe fran\u00e7ais qui avait, dans les derni\u00e8res ann\u00e9es, beaucoup investi, ce domaine \u00e9tait parvenu, sur le plan technique, \u00e0 une parfaite remise \u00e0 niveau. Cependant, on me demanda, avant l&rsquo;acquisition, d&rsquo;examiner l&rsquo;ensemble des terroirs de la propri\u00e9t\u00e9.<\/p>\n\n\t\t<\/div>\n\t<\/div>\n<\/div><\/div><\/div><div class=\"wpb_column vc_column_container vc_col-sm-6\"><div class=\"vc_column-inner\"><div class=\"wpb_wrapper\">\n\t<div class=\"title-subtitle-box\" style=\" padding: 90px 0 0 0px; text-align: center;\">\n\t\t<p style=\"\">Notre credo<\/p>\n\t\t<h1 style=\" font-weight: normal;\" >Toujours proposer des vins d'exception dans une r\u00e9gion &amp; un terroir mondialemnt c\u00e9l\u00e8bre : Le Grand Saint-Emilionnais...<\/h1>\n\t<\/div> <\/div><\/div><\/div><\/div><div class=\"vc_row-full-width vc_clearfix\"><\/div><div data-vc-full-width=\"true\" data-vc-full-width-temp=\"true\" data-vc-full-width-init=\"false\" class=\"vc_row wpb_row vc_row-fluid vc_custom_1460974692501 vc_row-has-fill\"><div class=\"wpb_column vc_column_container vc_col-sm-12\"><div class=\"vc_column-inner\"><div class=\"wpb_wrapper\">\n\t<div class=\"title-subtitle-box\" style=\" margin-bottom:90px; text-align: left;\">\n\t\t<p style=\"\">Ch\u00e2teau Branda<\/p>\n\t\t<h1 style=\" font-weight: normal;\" >Quelques rep\u00e8res...<\/h1>\n\t<\/div> <section id=\"cd-timeline\" class=\"cd-container horizontal\">\n\t<div class=\"cd-timeline-block\">\n\t\t<div class=\"cd-timeline-img cd-picture\">\n\t\t<img decoding=\"async\" src=\"https:\/\/chateaubranda.com\/wp-content\/themes\/villenoir\/images\/cd-icon-location.svg\" alt=\"Location\">\n\t\t<\/div>\n\t\t<div class=\"cd-timeline-content\">\n\t\t <img decoding=\"async\" class=\"wp-post-image\" src=\"https:\/\/chateaubranda.com\/wp-content\/uploads\/2016\/04\/red-wines-category-1.jpg\" alt=\"\" \/> \n\t\t<div class=\"cd-timeline-content-wrapper\">\n\t\t<p class=\"cd-title\">Acte I<\/p>\n\t\t<p>le d\u00e9veloppement de la vigne va se faire sur le sol de l'actuel Branda. De nombreux documents en attestent. La puissante abbaye cistercienne de Faise et ses abb\u00e9s de Montesquieu d\u00e9veloppe une promotion de ces vins aupr\u00e8s de l'Episcopat et de la Cour.<\/p>\n\t\t<h4 class=\"cd-date\">Au XVII \u00e8me si\u00e8cle...<\/h4>\n\t\t<\/div>\n\t\t<\/div>\n\t<\/div>\n\t<div class=\"cd-timeline-block\">\n\t\t<div class=\"cd-timeline-img cd-picture\">\n\t\t<img decoding=\"async\" src=\"https:\/\/chateaubranda.com\/wp-content\/themes\/villenoir\/images\/cd-icon-location.svg\" alt=\"Location\">\n\t\t<\/div>\n\t\t<div class=\"cd-timeline-content\">\n\t\t <img decoding=\"async\" class=\"wp-post-image\" src=\"https:\/\/chateaubranda.com\/wp-content\/uploads\/2016\/03\/wines-header-image-1.jpg\" alt=\"\" \/> \n\t\t<div class=\"cd-timeline-content-wrapper\">\n\t\t<p class=\"cd-title\">Acte II<\/p>\n\t\t<p>la plus grande partie des vignobles de Branda et de Chambeau sont sous le reigne des Comtes de la Rochette. Puis sous le second empire ce sera les Robert, famille de n\u00e9gociant Bordelais qui prendra en main le destin de Branda.<\/p>\n\t\t<h4 class=\"cd-date\">Au d\u00e9but du XIX \u00e8me si\u00e8cle...<\/h4>\n\t\t<\/div>\n\t\t<\/div>\n\t<\/div>\n\t<div class=\"cd-timeline-block\">\n\t\t<div class=\"cd-timeline-img cd-picture\">\n\t\t<img decoding=\"async\" src=\"https:\/\/chateaubranda.com\/wp-content\/themes\/villenoir\/images\/cd-icon-location.svg\" alt=\"Location\">\n\t\t<\/div>\n\t\t<div class=\"cd-timeline-content\">\n\t\t <img decoding=\"async\" class=\"wp-post-image\" src=\"https:\/\/chateaubranda.com\/wp-content\/uploads\/2016\/04\/red-wines-category-1.jpg\" alt=\"\" \/> \n\t\t<div class=\"cd-timeline-content-wrapper\">\n\t\t<p class=\"cd-title\">Acte III<\/p>\n\t\t<p>La descendance des Robert c\u00e9dera la propri\u00e9t\u00e9 aux Bonin en 1978 apr\u00e8s plus de 100 ans dans la m\u00eame famille.<\/p>\n\t\t<h4 class=\"cd-date\">En 1978...<\/h4>\n\t\t<\/div>\n\t\t<\/div>\n\t<\/div>\n\t<div class=\"cd-timeline-block\">\n\t\t<div class=\"cd-timeline-img cd-picture\">\n\t\t<img decoding=\"async\" src=\"https:\/\/chateaubranda.com\/wp-content\/themes\/villenoir\/images\/cd-icon-location.svg\" alt=\"Location\">\n\t\t<\/div>\n\t\t<div class=\"cd-timeline-content\">\n\t\t <img decoding=\"async\" class=\"wp-post-image\" src=\"https:\/\/chateaubranda.com\/wp-content\/uploads\/2016\/03\/wines-header-image-1.jpg\" alt=\"\" \/> \n\t\t<div class=\"cd-timeline-content-wrapper\">\n\t\t<p class=\"cd-title\">Acte IV<\/p>\n\t\t<p>C'est en juillet 1998 que Guy Benjamin, Yves Blanc et Arnaud Delaire prennent possession de Branda. Sous sa conduite d'important travaux de restructuration de la vigne vont voir le jour pour faire de Branda la r\u00e9f\u00e9rence de Puisseguin et l'un des vins les plus en vue des satellites de Saint Emilion.<\/p>\n\t\t<h4 class=\"cd-date\">En 1998...<\/h4>\n\t\t<\/div>\n\t\t<\/div>\n\t<\/div><\/section><\/div><\/div><\/div><\/div><div class=\"vc_row-full-width vc_clearfix\"><\/div>\n<\/div>","protected":false},"excerpt":{"rendered":"Tout a commenc\u00e9... L'anciennet\u00e9 viticole de Ch\u00e2teaux Branda &amp; Vieux Ch\u00e2teau Chambeau est d'abord celle de la r\u00e9gion de Lussac et de Puisseguin o\u00f9 les surfaces en vignes se d\u00e9veloppent<br class=\"read-more-spacer\"> <a class=\"more-link\" href=\"https:\/\/chateaubranda.com\/en\/notre-histoire\/\">Read More<\/a>","protected":false},"author":37,"featured_media":0,"parent":0,"menu_order":0,"comment_status":"closed","ping_status":"closed","template":"","meta":{"om_disable_all_campaigns":false,"_monsterinsights_skip_tracking":false,"_monsterinsights_sitenote_active":false,"_monsterinsights_sitenote_note":"","_monsterinsights_sitenote_category":0,"_uf_show_specific_survey":0,"_uf_disable_surveys":false,"footnotes":""},"class_list":["post-341","page","type-page","status-publish","hentry"],"aioseo_notices":[],"_links":{"self":[{"href":"https:\/\/chateaubranda.com\/en\/wp-json\/wp\/v2\/pages\/341","targetHints":{"allow":["GET"]}}],"collection":[{"href":"https:\/\/chateaubranda.com\/en\/wp-json\/wp\/v2\/pages"}],"about":[{"href":"https:\/\/chateaubranda.com\/en\/wp-json\/wp\/v2\/types\/page"}],"author":[{"embeddable":true,"href":"https:\/\/chateaubranda.com\/en\/wp-json\/wp\/v2\/users\/37"}],"replies":[{"embeddable":true,"href":"https:\/\/chateaubranda.com\/en\/wp-json\/wp\/v2\/comments?post=341"}],"version-history":[{"count":5,"href":"https:\/\/chateaubranda.com\/en\/wp-json\/wp\/v2\/pages\/341\/revisions"}],"predecessor-version":[{"id":1163,"href":"https:\/\/chateaubranda.com\/en\/wp-json\/wp\/v2\/pages\/341\/revisions\/1163"}],"wp:attachment":[{"href":"https:\/\/chateaubranda.com\/en\/wp-json\/wp\/v2\/media?parent=341"}],"curies":[{"name":"wp","href":"https:\/\/api.w.org\/{rel}","templated":true}]}}