{"id":1554,"date":"2017-12-08T13:02:20","date_gmt":"2017-12-08T12:02:20","guid":{"rendered":"https:\/\/chateaubranda.com\/?page_id=1554"},"modified":"2024-02-14T17:22:42","modified_gmt":"2024-02-14T16:22:42","slug":"conditions-generales-de-vente","status":"publish","type":"page","link":"https:\/\/chateaubranda.com\/en\/conditions-generales-de-vente\/","title":{"rendered":"Conditions g\u00e9n\u00e9rales de vente"},"content":{"rendered":"<p>Entre la Soci\u00e9t\u00e9 SC CHATEAU DU BRANDA,<br \/>\n5, rue du Brandat, 33570 Puisseguin ,<br \/>\nau Capital Social de 1 524,49\u20ac,<br \/>\nimmatricul\u00e9e au Registre du Commerce et des Soci\u00e9t\u00e9s de LIBOURNE,<br \/>\nsous le num\u00e9ro SIRET 31448061700013,<br \/>\nrepr\u00e9sent\u00e9e par M. Eric DARRAS<br \/>\nen qualit\u00e9 de g\u00e9rant,<br \/>\nd\u00fbment habilit\u00e9 aux fins des pr\u00e9sentes.<br \/>\nLa soci\u00e9t\u00e9 peut \u00eatre jointe par email en cliquant sur le formulaire de contact accessible via la page d\u2019accueil du site.<\/p>\n<p>Ci-apr\u00e8s le \u00ab Vendeur \u00bb ou la \u00ab Soci\u00e9t\u00e9 \u00bb.<\/p>\n<p>D\u2019une part,<\/p>\n<p>Et la personne physique ou morale proc\u00e9dant \u00e0 l\u2019achat de produits ou services de la soci\u00e9t\u00e9,<br \/>\nCi-apr\u00e8s, \u00ab l\u2019Acheteur \u00bb, ou \u00ab le Client \u00bb<\/p>\n<p>D\u2019autre part,<\/p>\n<p>Il a \u00e9t\u00e9 expos\u00e9 et convenu ce qui suit :<\/p>\n<p><strong>PREAMBULE <\/strong><\/p>\n<p>Le Vendeur est producteur r\u00e9coltant dans la Culture de la vigne de CHATEAU DU BRANDA, TOUR DES AGASSEAUX ET VIEUX CHATEAU CHAMBEAU) \u00e0 destination de consommateurs, commercialis\u00e9s par l\u2019interm\u00e9diaire de son site Internet (https:\/\/chateaubranda.com). La liste et le descriptif des biens et services propos\u00e9s par la Soci\u00e9t\u00e9 peuvent \u00eatre consult\u00e9s sur les sites susmentionn\u00e9s.<\/p>\n<p><strong>Article 1 : Objet<\/strong> Les pr\u00e9sentes Conditions G\u00e9n\u00e9rales de Vente d\u00e9terminent les droits et obligations des parties dans le cadre de la vente en ligne de Produits propos\u00e9s par le Vendeur.<\/p>\n<p><strong>Article 2 : Dispositions g\u00e9n\u00e9rales<\/strong> Les pr\u00e9sentes Conditions G\u00e9n\u00e9rales de Vente (CGV) s\u2019appliquent \u00e0 toutes les ventes de Produits, effectu\u00e9es au travers des sites Internet de la Soci\u00e9t\u00e9 qui sont partie int\u00e9grante du Contrat entre l\u2019Acheteur et le Vendeur. Le Vendeur se r\u00e9serve la possibilit\u00e9 de modifier les pr\u00e9sentes, \u00e0 tout moment par la publication d\u2019une nouvelle version sur son site Internet. Les CGV applicables alors sont celles \u00e9tant en vigueur \u00e0 la date du paiement (ou du premier paiement en cas de paiements multiples) de la commande. Ces CGV sont consultables sur le site Internet de la Soci\u00e9t\u00e9 \u00e0 l&rsquo;adresse suivante : https:\/\/chateaubranda.com. La Soci\u00e9t\u00e9 s\u2019assure \u00e9galement que leur acceptation soit claire et sans r\u00e9serve en mettant en place une case \u00e0 cocher et un clic de validation. Le Client d\u00e9clare avoir pris connaissance de l\u2019ensemble des pr\u00e9sentes Conditions G\u00e9n\u00e9rales de Vente, et le cas \u00e9ch\u00e9ant des Conditions Particuli\u00e8res de Vente li\u00e9es \u00e0 un produit ou \u00e0 un service, et les accepter sans restriction ni r\u00e9serve. Le Client reconna\u00eet qu\u2019il a b\u00e9n\u00e9fici\u00e9 des conseils et informations n\u00e9cessaires afin de s\u2019assurer de l\u2019ad\u00e9quation de l\u2019offre \u00e0 ses besoins. Le Client d\u00e9clare \u00eatre en mesure de contracter l\u00e9galement en vertu des lois fran\u00e7aises ou valablement repr\u00e9senter la personne physique ou morale pour laquelle il s\u2019engage. Sauf preuve contraire les informations enregistr\u00e9es par la Soci\u00e9t\u00e9 constituent la preuve de l\u2019ensemble des transactions.<\/p>\n<p><strong>Article 3 : Prix<\/strong> Les prix des produits vendus au travers des sites Internet sont indiqu\u00e9s en Euros hors taxes et pr\u00e9cis\u00e9ment d\u00e9termin\u00e9s sur les pages de descriptifs des Produits. Ils sont \u00e9galement indiqu\u00e9s en euros toutes taxes comprises (TVA + autres taxes \u00e9ventuelles) sur la page de commande des produits, et hors frais sp\u00e9cifiques d&rsquo;exp\u00e9dition. L\u2019exp\u00e9dition et le transport des Produits s\u2019effectuent uniquement en France m\u00e9tropolitaine. Pour tous les produits exp\u00e9di\u00e9s hors territoire national (France M\u00e9tropolitaine) vers l&rsquo;Union europ\u00e9enne et\/ou DOM-TOM, veuillez noter que la facture ne les incluent pas et feront l&rsquo;objet de frais additionnels . Des droits de douane ou autres taxes locales ou droits d&rsquo;importation ou taxes d&rsquo;\u00e9tat sont susceptibles d&rsquo;\u00eatre exigibles dans certains cas. Ces droits et sommes ne rel\u00e8vent pas du ressort du Vendeur. Ils seront \u00e0 la charge de l&rsquo;acheteur et rel\u00e8vent de sa responsabilit\u00e9 (d\u00e9clarations, paiement aux autorit\u00e9s comp\u00e9tentes, etc.). Le Vendeur invite \u00e0 ce titre l&rsquo;acheteur \u00e0 se renseigner sur ces aspects aupr\u00e8s des autorit\u00e9s locales correspondantes.La Soci\u00e9t\u00e9 se r\u00e9serve la possibilit\u00e9 de modifier ses prix \u00e0 tout moment pour l\u2019avenir. Les frais de t\u00e9l\u00e9communication n\u00e9cessaires \u00e0 l\u2019acc\u00e8s aux sites Internet de la Soci\u00e9t\u00e9 sont \u00e0 la charge du Client. Le cas \u00e9ch\u00e9ant \u00e9galement, les frais de livraison.<\/p>\n<p><strong>Article 4 : Conclusion du contrat en ligne<\/strong> Le Client devra suivre une s\u00e9rie d\u2019\u00e9tapes sp\u00e9cifiques \u00e0 chaque Produit offert par le Vendeur pour pouvoir r\u00e9aliser sa commande. Toutefois, les \u00e9tapes d\u00e9crites ci-apr\u00e8s sont syst\u00e9matiques : &#8211; Information sur les caract\u00e9ristiques essentielles du Produit ; &#8211; Choix du Produit, le cas \u00e9ch\u00e9ant de ses options et indication des donn\u00e9es essentielles du Client (identification, adresse\u2026) ; &#8211; Acceptation des pr\u00e9sentes Conditions G\u00e9n\u00e9rales de Vente. &#8211; V\u00e9rification des \u00e9l\u00e9ments de la commande et, le cas \u00e9ch\u00e9ant, correction des erreurs. &#8211; Suivi des instructions pour le paiement, et paiement des produits. &#8211; Livraison des produits. Le Client recevra alors confirmation par courrier \u00e9lectronique du paiement de la commande, ainsi qu\u2019un accus\u00e9 de r\u00e9ception de la commande la confirmant. Il recevra un exemplaire .pdf des pr\u00e9sentes conditions g\u00e9n\u00e9rales de vente. Pour les produits livr\u00e9s, cette livraison se fera \u00e0 l\u2019adresse indiqu\u00e9e par le Client. Aux fins de bonne r\u00e9alisation de la commande, et conform\u00e9ment \u00e0 l\u2019article 1316-1 du Code civil, le Client s\u2019engage \u00e0 fournir ses \u00e9l\u00e9ments d\u2019identification v\u00e9ridiques. Le Vendeur se r\u00e9serve la possibilit\u00e9 de refuser la commande, par exemple pour toute demande anormale, r\u00e9alis\u00e9e de mauvaise foi ou pour tout motif l\u00e9gitime.<\/p>\n<p><strong>Article 5 : Produits et services<\/strong> Les caract\u00e9ristiques essentielles des biens, des services et leurs prix respectifs sont mis \u00e0 disposition de l\u2019acheteur sur les sites Internet de la soci\u00e9t\u00e9. Le client atteste avoir re\u00e7u un d\u00e9tail des frais de livraison s&rsquo;ils s&rsquo;appliquent \u00e0 d\u00e9faut, les prix s&rsquo;entendent franco de port, ainsi que les modalit\u00e9s de paiement, de livraison et d\u2019ex\u00e9cution du contrat. Le Vendeur s\u2019engage \u00e0 honorer la commande du Client dans la limite des stocks de Produits disponibles uniquement. A d\u00e9faut, le Vendeur en informe le Client. Ces informations contractuelles sont pr\u00e9sent\u00e9es en d\u00e9tail et en langue fran\u00e7aise. Conform\u00e9ment \u00e0 la loi fran\u00e7aise, elles font l\u2019objet d\u2019un r\u00e9capitulatif et d\u2019une confirmation lors de la validation de la commande. Les parties conviennent que les illustrations ou photos des produits offerts \u00e0 la vente n\u2019ont pas de valeur contractuelle. La dur\u00e9e de validit\u00e9 de l\u2019offre des Produits ainsi que leurs prix est pr\u00e9cis\u00e9e sur les sites Internet de la Soci\u00e9t\u00e9, ainsi que la dur\u00e9e minimale des contrats propos\u00e9s lorsque ceux-ci portent sur une fourniture continue ou p\u00e9riodique de produits ou services. Sauf conditions particuli\u00e8res, les droits conc\u00e9d\u00e9s au titre des pr\u00e9sentes le sont uniquement \u00e0 la personne physique signataire de la commande (ou la personne titulaire de l\u2019adresse email communiqu\u00e9). Conform\u00e9ment aux dispositions l\u00e9gales en mati\u00e8re de conformit\u00e9 et de vices cach\u00e9s, le Vendeur rembourse ou \u00e9change les produits d\u00e9fectueux ou ne correspondant pas \u00e0 la commande. Le remboursement peut \u00eatre demand\u00e9 de la mani\u00e8re suivante : par courriel en adressant votre demande d\u00e9taill\u00e9e \u00e0 l&rsquo;adresse chateau.<a href=\"mailto:branda@wanadoo.fr\">branda@wanadoo.fr<\/a> et <a href=\"mailto:webmaster@chateaubranda.com\">webmaster@chateaubranda.com<\/a> ou encore par courrier postal d\u00e9taill\u00e9 et d\u00fbment affranchi \u00e0 l&rsquo;adresse suivante CHATEAU DU BRANDA, 5, rue du brandat 33570 PUISSEGUIN.<\/p>\n<p><strong>Article 6 : Clause de r\u00e9serve de propri\u00e9t\u00e9<\/strong> Les produits demeurent la propri\u00e9t\u00e9 de la Soci\u00e9t\u00e9 jusqu\u2019au complet paiement du prix.<\/p>\n<p><strong>Article 7 : Modalit\u00e9s de livraison<\/strong> Les produits sont livr\u00e9s \u00e0 l&rsquo;adresse de livraison qui a \u00e9t\u00e9 indiqu\u00e9e lors de la commande et le d\u00e9lai indiqu\u00e9 est dans la grande majorit\u00e9 de 5 jours ouvr\u00e9s. Ce d\u00e9lai ne prend pas en compte le d\u00e9lai de pr\u00e9paration de la commande. Lorsque la livraison n\u00e9cessite une prise de rendez-vous avec le Client, le transporteur contactera le client pour convenir d&rsquo;une date et d&rsquo;un horaire de livraison. En cas de retard d\u2019exp\u00e9dition le client sera inform\u00e9 par courriel \u00e0 l&rsquo;adresse qu&rsquo;il aura mentionn\u00e9 lors de la cr\u00e9ation de son compte sur notre site internet. En cas de retard de livraison, le Client dispose de la possibilit\u00e9 de r\u00e9soudre le contrat dans les conditions et modalit\u00e9s d\u00e9finies \u00e0 l\u2019Article L 138-2 du Code de la consommation. Le Vendeur proc\u00e8de alors au remboursement du produit et aux frais \u00ab aller \u00bb dans les conditions de l\u2019Article L 138-3 du Code de la consommation. Le Vendeur met \u00e0 disposition un point de contact t\u00e9l\u00e9phonique (co\u00fbt d\u2019une communication locale \u00e0 partir d\u2019un poste fixe) indiqu\u00e9 dans l\u2019email de confirmation de commande afin d&rsquo;assurer le suivi de la commande. Le Vendeur rappelle qu\u2019au moment o\u00f9 le Client pend possession physiquement des produits, les risques de perte ou d\u2019endommagement des produits lui est transf\u00e9r\u00e9. Il appartient au Client de notifier au transporteur toute r\u00e9serves sur le produit livr\u00e9.<\/p>\n<p><strong>Article 8 : Disponibilit\u00e9 et pr\u00e9sentation<\/strong> Les commandes seront trait\u00e9es dans la limite de nos stocks disponibles ou sous r\u00e9serve des stocks disponibles chez nos fournisseurs. En cas d\u2019indisponibilit\u00e9 d\u2019un article pour une p\u00e9riode sup\u00e9rieure \u00e0 7 jours ouvrables, vous serez imm\u00e9diatement pr\u00e9venu des d\u00e9lais pr\u00e9visibles de livraison et la commande de cet article pourra \u00eatre annul\u00e9e sur simple demande. Le Client pourra alors demander un avoir pour le montant de l\u2019article ou son remboursement.<\/p>\n<p><strong>Article 9 : Paiement<\/strong> Le paiement est exigible imm\u00e9diatement \u00e0 la commande, y compris pour les produits en pr\u00e9commande. Le Client peut effectuer le r\u00e8glement par carte de paiement ou ch\u00e8que bancaire. Les cartes \u00e9mises par des banques domicili\u00e9es hors de France doivent obligatoirement \u00eatre des cartes bancaires internationales (Mastercard ou Visa).Le paiement s\u00e9curis\u00e9 en ligne par carte bancaire est r\u00e9alis\u00e9 par notre prestataire de paiement. Les informations transmises sont chiffr\u00e9es dans les r\u00e8gles de l\u2019art et ne peuvent \u00eatre lues au cours du transport sur le r\u00e9seau PAYPAL. Une fois le paiement lanc\u00e9 par le Client, la transaction est imm\u00e9diatement d\u00e9bit\u00e9e apr\u00e8s v\u00e9rification des informations. Conform\u00e9ment aux dispositions du Code mon\u00e9taire et financier, l\u2019engagement de payer donn\u00e9 par carte est irr\u00e9vocable. En communiquant ses informations bancaires lors de la vente, le Client autorise le Vendeur \u00e0 d\u00e9biter sa carte du montant relatif au prix indiqu\u00e9. Le Client confirme qu\u2019il est bien le titulaire l\u00e9gal de la carte \u00e0 d\u00e9biter et qu\u2019il est l\u00e9galement en droit d\u2019en faire usage. En cas d\u2019erreur, ou d\u2019impossibilit\u00e9 de d\u00e9biter la carte, la Vente est imm\u00e9diatement r\u00e9solue de plein droit et la commande annul\u00e9e.<\/p>\n<p><strong>Article 10 : D\u00e9lai de r\u00e9tractation<\/strong> Conform\u00e9ment \u00e0 l\u2019article L. 121-20 du Code de la consommation, \u00ab le consommateur dispose d\u2019un d\u00e9lai de quatorze jours francs pour exercer son droit de r\u00e9tractation sans avoir \u00e0 justifier de motifs ni \u00e0 payer de p\u00e9nalit\u00e9s, \u00e0 l\u2019exception, le cas \u00e9ch\u00e9ant, des frais de retour \u00bb. \u00ab Le d\u00e9lai mentionn\u00e9 \u00e0 l\u2019alin\u00e9a pr\u00e9c\u00e9dent court \u00e0 compter de la r\u00e9ception pour les biens ou de l\u2019acceptation de l\u2019offre pour les prestations de services \u00bb. Le droit de r\u00e9tractation peut \u00eatre exerc\u00e9 en contactant la Soci\u00e9t\u00e9 de la mani\u00e8re suivante :par courriel en adressant votre demande d\u00e9taill\u00e9e \u00e0 l&rsquo;adresse chateau.<a href=\"mailto:branda@wanadoo.fr\">branda@wanadoo.fr<\/a> et <a href=\"mailto:webmaster@chateaubranda.com\">webmaster@chateaubranda.com<\/a> . Nous informons les Clients que conform\u00e9ment \u00e0 l\u2019article L. 121-20-2 du Code de la consommation, ce droit de r\u00e9tractation ne peut \u00eatre exerc\u00e9 que pour les vins achet\u00e9s directement sur notre boutique en ligne. En cas d\u2019exercice du droit de r\u00e9tractation dans le d\u00e9lai susmentionn\u00e9, seul le prix du ou des produits achet\u00e9s et les frais d\u2019envoi seront rembours\u00e9s, les frais de retour restent \u00e0 la charge du Client. Les retours des produits sont \u00e0 effectuer dans leur \u00e9tat d&rsquo;origine et complets (emballage, accessoires&#8230;) de sorte qu&rsquo;ils puissent \u00eatre re-commercialis\u00e9s \u00e0 l\u2019\u00e9tat neuf ; ils doivent si possible \u00eatre accompagn\u00e9s d\u2019une copie du justificatif d&rsquo;achat. Conform\u00e9ment aux dispositions l\u00e9gales, vous trouverez ci-apr\u00e8s le formulaire-type de r\u00e9tractation \u00e0 nous adresser \u00e0 l\u2019adresse suivante : <a href=\"https:\/\/chateaubranda.com\/en\/retractation\/\">https:\/\/chateaubranda.com\/retractation<\/a>. Proc\u00e9dure de remboursement : Remboursement sous 15 jours ouvrables suivant la date de r\u00e9ception de la demande de r\u00e9traction.<\/p>\n<p><strong>Article 11 : Garanties<\/strong> Conform\u00e9ment \u00e0 la loi, le Vendeur assume deux garanties : de conformit\u00e9 et relative aux vices cach\u00e9s des produits. Le Vendeur rembourse l&rsquo;acheteur ou \u00e9change les produits apparemment d\u00e9fectueux ou ne correspondant pas \u00e0 la commande effectu\u00e9e. La demande de remboursement doit s&rsquo;effectuer de la mani\u00e8re suivante : remboursement par ch\u00e8que sous 15 jours ouvrables suivant la date de r\u00e9ception de la demande de r\u00e9traction. Le Vendeur rappelle que le consommateur : &#8211; dispose d&rsquo;un d\u00e9lai de 2 ans \u00e0 compter de la d\u00e9livrance du bien pour agir aupr\u00e8s du Vendeur &#8211; qu&rsquo;il peut choisir entre le remplacement et la r\u00e9paration du bien sous r\u00e9serve des conditions pr\u00e9vues par les dispositions susmentionn\u00e9es. apparemment d\u00e9fectueux ou ne correspondant &#8211; qu&rsquo;il est dispens\u00e9 d&rsquo;apporter la preuve l\u2019existence du d\u00e9faut de conformit\u00e9 du bien durant les six mois suivant la d\u00e9livrance du bien. &#8211; que, sauf biens d\u2019occasion, ce d\u00e9lai sera port\u00e9 \u00e0 24 mois \u00e0 compter du 18 mars 2016 &#8211; que le consommateur peut \u00e9galement faire valoir la garantie contre les vices cach\u00e9s de la chose vendue au sens de l\u2019article 1641 du code civil et, dans cette hypoth\u00e8se, il peut choisir entre la r\u00e9solution de la vente ou une r\u00e9duction du prix de vente (dispositions des articles 1644 du Code Civil).<\/p>\n<p><strong>Article 12 : R\u00e9clamations<\/strong> Le cas \u00e9ch\u00e9ant, l\u2019Acheteur peut pr\u00e9senter toute r\u00e9clamation en contactant la soci\u00e9t\u00e9 au moyen des coordonn\u00e9es suivantes <a href=\"mailto:chateau.branda@wanadoo.fr\">chateau.branda@wanadoo.fr<\/a> ou par lettre recommand\u00e9 avec accus\u00e9 de r\u00e9ception adress\u00e9e \u00e0 CHATEAU DU BRANDA, 5 rue du brandat 33570 PUISSEGUIN.<\/p>\n<p><strong>Article 13 : Droits de propri\u00e9t\u00e9 intellectuelle<\/strong> Les marques, noms de domaines, produits, logiciels, images, vid\u00e9os, textes ou plus g\u00e9n\u00e9ralement toute information objet de droits de propri\u00e9t\u00e9 intellectuelle sont et restent la propri\u00e9t\u00e9 exclusive du vendeur. Aucune cession de droits de propri\u00e9t\u00e9 intellectuelle n\u2019est r\u00e9alis\u00e9e au travers des pr\u00e9sentes CGV. Toute reproduction totale ou partielle, modification ou utilisation de ces biens pour quelque motif que ce soit est strictement interdite.<\/p>\n<p><strong>Article 14 : Force majeure<\/strong> L\u2019ex\u00e9cution des obligations du vendeur au terme des pr\u00e9sentes est suspendue en cas de survenance d\u2019un cas fortuit ou de force majeure qui en emp\u00eacherait l\u2019ex\u00e9cution. Le vendeur avisera le client de la survenance d\u2019un tel \u00e9v\u00e9nement d\u00e8s que possible.<\/p>\n<p><strong>Article 15 : nullit\u00e9 et modification du contrat<\/strong> Si l\u2019une des stipulations du pr\u00e9sent contrat \u00e9tait annul\u00e9e, cette nullit\u00e9 n\u2019entra\u00eenerait pas la nullit\u00e9 des autres stipulations qui demeureront en vigueur entre les parties. Toute modification contractuelle n\u2019est valable qu\u2019apr\u00e8s un accord \u00e9crit et sign\u00e9 des parties.<\/p>\n<p><strong>Article 16 : Protection des donn\u00e9es personnelles<\/strong> Conform\u00e9ment \u00e0 la Loi Informatique et Libert\u00e9s du 6 janvier 1978, vous disposez des droits d\u2019interrogation, d\u2019acc\u00e8s, de modification, d\u2019opposition et de rectification sur les donn\u00e9es personnelles vous concernant. En adh\u00e9rant \u00e0 ces conditions g\u00e9n\u00e9rales de vente, vous consentez \u00e0 ce que nous collections et utilisions ces donn\u00e9es pour la r\u00e9alisation du pr\u00e9sent contrat. En saisissant votre adresse email sur l\u2019un des sites de notre r\u00e9seau, vous recevrez des emails contenant des informations et des offres promotionnelles concernant des produits \u00e9dit\u00e9s par la Soci\u00e9t\u00e9 et de ses partenaires. Vous pouvez vous d\u00e9sinscrire \u00e0 tout instant. Il vous suffit pour cela de cliquer sur le lien pr\u00e9sent \u00e0 la fin de nos emails ou de contacter le responsable du traitement (la Soci\u00e9t\u00e9) par lettre RAR. Nous effectuons sur l\u2019ensemble de nos sites un suivi de la fr\u00e9quentation. Pour cela, nous avons recours \u00e0 des outils tels que les cookies de Google Analytics.<\/p>\n<p><strong>Article 17 : Droit applicable<\/strong> Toutes les clauses figurant dans les pr\u00e9sentes conditions g\u00e9n\u00e9rales de vente, ainsi que toutes les op\u00e9rations d\u2019achat et de vente qui y sont vis\u00e9es, seront soumises au droit fran\u00e7ais.<\/p>","protected":false},"excerpt":{"rendered":"<p>Entre la Soci\u00e9t\u00e9 SC CHATEAU DU BRANDA, 5, rue du Brandat, 33570 Puisseguin , au Capital Social de 1 524,49\u20ac, immatricul\u00e9e au Registre du Commerce et des Soci\u00e9t\u00e9s de LIBOURNE,<br class=\"read-more-spacer\"> <a class=\"more-link\" href=\"https:\/\/chateaubranda.com\/en\/conditions-generales-de-vente\/\">Read More<\/a><\/p>","protected":false},"author":37,"featured_media":0,"parent":0,"menu_order":0,"comment_status":"closed","ping_status":"closed","template":"","meta":{"om_disable_all_campaigns":false,"_monsterinsights_skip_tracking":false,"_monsterinsights_sitenote_active":false,"_monsterinsights_sitenote_note":"","_monsterinsights_sitenote_category":0,"_uf_show_specific_survey":0,"_uf_disable_surveys":false,"footnotes":""},"class_list":["post-1554","page","type-page","status-publish","hentry"],"aioseo_notices":[],"_links":{"self":[{"href":"https:\/\/chateaubranda.com\/en\/wp-json\/wp\/v2\/pages\/1554","targetHints":{"allow":["GET"]}}],"collection":[{"href":"https:\/\/chateaubranda.com\/en\/wp-json\/wp\/v2\/pages"}],"about":[{"href":"https:\/\/chateaubranda.com\/en\/wp-json\/wp\/v2\/types\/page"}],"author":[{"embeddable":true,"href":"https:\/\/chateaubranda.com\/en\/wp-json\/wp\/v2\/users\/37"}],"replies":[{"embeddable":true,"href":"https:\/\/chateaubranda.com\/en\/wp-json\/wp\/v2\/comments?post=1554"}],"version-history":[{"count":5,"href":"https:\/\/chateaubranda.com\/en\/wp-json\/wp\/v2\/pages\/1554\/revisions"}],"predecessor-version":[{"id":2265,"href":"https:\/\/chateaubranda.com\/en\/wp-json\/wp\/v2\/pages\/1554\/revisions\/2265"}],"wp:attachment":[{"href":"https:\/\/chateaubranda.com\/en\/wp-json\/wp\/v2\/media?parent=1554"}],"curies":[{"name":"wp","href":"https:\/\/api.w.org\/{rel}","templated":true}]}}